{"id":1578,"date":"2024-02-14T17:48:53","date_gmt":"2024-02-14T22:48:53","guid":{"rendered":"https:\/\/beauvaisltee.ca\/fr\/?page_id=1578"},"modified":"2026-01-16T07:34:05","modified_gmt":"2026-01-16T12:34:05","slug":"associations-accreditations","status":"publish","type":"page","link":"https:\/\/beauvaisltee.ca\/en\/associations-accreditations\/","title":{"rendered":"Associations\/Accreditations"},"content":{"rendered":"<div data-elementor-type=\"wp-page\" data-elementor-id=\"1578\" class=\"elementor elementor-1578\" data-elementor-settings=\"{&quot;ha_cmc_init_switcher&quot;:&quot;no&quot;}\" data-elementor-post-type=\"page\">\n\t\t\t\t<div class=\"elementor-element elementor-element-3acbd7f e-flex e-con-boxed e-con e-parent\" data-id=\"3acbd7f\" data-element_type=\"container\" data-e-type=\"container\" data-settings=\"{&quot;background_background&quot;:&quot;classic&quot;,&quot;_ha_eqh_enable&quot;:false}\">\n\t\t\t\t\t<div class=\"e-con-inner\">\n\t\t<div class=\"elementor-element elementor-element-ad3bab3 e-con-full e-flex e-con e-child\" data-id=\"ad3bab3\" data-element_type=\"container\" data-e-type=\"container\" data-settings=\"{&quot;_ha_eqh_enable&quot;:false}\">\n\t\t\t\t<div class=\"elementor-element elementor-element-66a2d9c ha-has-bg-overlay elementor-widget elementor-widget-heading\" data-id=\"66a2d9c\" data-element_type=\"widget\" data-e-type=\"widget\" data-widget_type=\"heading.default\">\n\t\t\t\t<div class=\"elementor-widget-container\">\n\t\t\t\t\t<h1 class=\"elementor-heading-title elementor-size-default\">Associations \/ Accreditations<\/h1>\t\t\t\t<\/div>\n\t\t\t\t<\/div>\n\t\t\t\t<\/div>\n\t\t<div class=\"elementor-element elementor-element-13375db e-con-full elementor-hidden-tablet elementor-hidden-mobile e-flex e-con e-child\" data-id=\"13375db\" data-element_type=\"container\" data-e-type=\"container\" data-settings=\"{&quot;_ha_eqh_enable&quot;:false}\">\n\t\t\t\t<\/div>\n\t\t\t\t\t<\/div>\n\t\t\t\t<\/div>\n\t\t<div class=\"elementor-element elementor-element-79ed74d e-con-full e-flex e-con e-parent\" data-id=\"79ed74d\" data-element_type=\"container\" data-e-type=\"container\" data-settings=\"{&quot;_ha_eqh_enable&quot;:false}\">\n\t\t<div class=\"elementor-element elementor-element-6c0b5d6 e-con-full e-flex e-con e-child\" data-id=\"6c0b5d6\" data-element_type=\"container\" data-e-type=\"container\" data-settings=\"{&quot;_ha_eqh_enable&quot;:false}\">\n\t\t\t\t<div class=\"elementor-element elementor-element-3598015 elementor-widget elementor-widget-heading\" data-id=\"3598015\" data-element_type=\"widget\" data-e-type=\"widget\" data-widget_type=\"heading.default\">\n\t\t\t\t<div class=\"elementor-widget-container\">\n\t\t\t\t\t<h2 class=\"elementor-heading-title elementor-size-default\">Associations<\/h2>\t\t\t\t<\/div>\n\t\t\t\t<\/div>\n\t\t\t\t<div class=\"elementor-element elementor-element-6b8634d elementor-widget elementor-widget-text-editor\" data-id=\"6b8634d\" data-element_type=\"widget\" data-e-type=\"widget\" data-widget_type=\"text-editor.default\">\n\t\t\t\t<div class=\"elementor-widget-container\">\n\t\t\t\t\t\t\t\t\tIn order to stay abreast of what is happening in the industry and to help improve the quality of life of people, Beauvais fruits et l\u00e9gumes is a member of the major industry associations, both for issues pertaining with market development and health and safety standards.\t\t\t\t\t\t\t\t<\/div>\n\t\t\t\t<\/div>\n\t\t\t\t<div class=\"elementor-element elementor-element-cb34e19 elementor-widget elementor-widget-image\" data-id=\"cb34e19\" data-element_type=\"widget\" data-e-type=\"widget\" data-widget_type=\"image.default\">\n\t\t\t\t<div class=\"elementor-widget-container\">\n\t\t\t\t\t\t\t\t\t\t\t\t\t\t\t<img fetchpriority=\"high\" decoding=\"async\" width=\"1920\" height=\"807\" src=\"https:\/\/beauvaisltee.ca\/wp-content\/uploads\/certification.png\" class=\"attachment-full size-full wp-image-2845\" alt=\"\" srcset=\"https:\/\/beauvaisltee.ca\/wp-content\/uploads\/certification.png 1920w, https:\/\/beauvaisltee.ca\/wp-content\/uploads\/certification-300x126.png 300w, https:\/\/beauvaisltee.ca\/wp-content\/uploads\/certification-1024x430.png 1024w, https:\/\/beauvaisltee.ca\/wp-content\/uploads\/certification-768x323.png 768w, https:\/\/beauvaisltee.ca\/wp-content\/uploads\/certification-1536x646.png 1536w, https:\/\/beauvaisltee.ca\/wp-content\/uploads\/certification-18x8.png 18w\" sizes=\"(max-width: 1920px) 100vw, 1920px\" \/>\t\t\t\t\t\t\t\t\t\t\t\t\t\t\t<\/div>\n\t\t\t\t<\/div>\n\t\t\t\t<\/div>\n\t\t<div class=\"elementor-element elementor-element-0d14283 e-con-full e-flex e-con e-child\" data-id=\"0d14283\" data-element_type=\"container\" data-e-type=\"container\" data-settings=\"{&quot;background_background&quot;:&quot;classic&quot;,&quot;_ha_eqh_enable&quot;:false}\">\n\t\t\t\t<div class=\"elementor-element elementor-element-3e2e648 elementor-widget elementor-widget-spacer\" data-id=\"3e2e648\" data-element_type=\"widget\" data-e-type=\"widget\" data-widget_type=\"spacer.default\">\n\t\t\t\t<div class=\"elementor-widget-container\">\n\t\t\t\t\t\t\t<div class=\"elementor-spacer\">\n\t\t\t<div class=\"elementor-spacer-inner\"><\/div>\n\t\t<\/div>\n\t\t\t\t\t\t<\/div>\n\t\t\t\t<\/div>\n\t\t\t\t<\/div>\n\t\t\t\t<\/div>\n\t\t<div class=\"elementor-element elementor-element-00b6a24 e-con-full e-flex e-con e-parent\" data-id=\"00b6a24\" data-element_type=\"container\" data-e-type=\"container\" data-settings=\"{&quot;_ha_eqh_enable&quot;:false}\">\n\t\t<div class=\"elementor-element elementor-element-a1459dd e-con-full e-flex e-con e-child\" data-id=\"a1459dd\" data-element_type=\"container\" data-e-type=\"container\" data-settings=\"{&quot;background_background&quot;:&quot;classic&quot;,&quot;_ha_eqh_enable&quot;:false}\">\n\t\t\t\t<div class=\"elementor-element elementor-element-a1ad3a1 elementor-widget elementor-widget-spacer\" data-id=\"a1ad3a1\" data-element_type=\"widget\" data-e-type=\"widget\" data-widget_type=\"spacer.default\">\n\t\t\t\t<div class=\"elementor-widget-container\">\n\t\t\t\t\t\t\t<div class=\"elementor-spacer\">\n\t\t\t<div class=\"elementor-spacer-inner\"><\/div>\n\t\t<\/div>\n\t\t\t\t\t\t<\/div>\n\t\t\t\t<\/div>\n\t\t\t\t<\/div>\n\t\t<div class=\"elementor-element elementor-element-0cc0cd5 e-con-full e-flex e-con e-child\" data-id=\"0cc0cd5\" data-element_type=\"container\" data-e-type=\"container\" data-settings=\"{&quot;_ha_eqh_enable&quot;:false}\">\n\t\t\t\t<div class=\"elementor-element elementor-element-4af8a05 elementor-widget elementor-widget-heading\" data-id=\"4af8a05\" data-element_type=\"widget\" data-e-type=\"widget\" data-widget_type=\"heading.default\">\n\t\t\t\t<div class=\"elementor-widget-container\">\n\t\t\t\t\t<h2 class=\"elementor-heading-title elementor-size-default\">Accreditations<\/h2>\t\t\t\t<\/div>\n\t\t\t\t<\/div>\n\t\t\t\t<div class=\"elementor-element elementor-element-2aaaf63 elementor-widget elementor-widget-heading\" data-id=\"2aaaf63\" data-element_type=\"widget\" data-e-type=\"widget\" data-widget_type=\"heading.default\">\n\t\t\t\t<div class=\"elementor-widget-container\">\n\t\t\t\t\t<h3 class=\"elementor-heading-title elementor-size-default\">Quebec :<\/h3>\t\t\t\t<\/div>\n\t\t\t\t<\/div>\n\t\t\t\t<div class=\"elementor-element elementor-element-34df9f5 elementor-icon-list--layout-traditional elementor-list-item-link-full_width elementor-widget elementor-widget-icon-list\" data-id=\"34df9f5\" data-element_type=\"widget\" data-e-type=\"widget\" data-widget_type=\"icon-list.default\">\n\t\t\t\t<div class=\"elementor-widget-container\">\n\t\t\t\t\t\t\t<ul class=\"elementor-icon-list-items\">\n\t\t\t\t\t\t\t<li class=\"elementor-icon-list-item\">\n\t\t\t\t\t\t\t\t\t\t\t<span class=\"elementor-icon-list-icon\">\n\t\t\t\t\t\t\t<svg aria-hidden=\"true\" class=\"e-font-icon-svg e-fas-arrow-alt-circle-right\" viewbox=\"0 0 512 512\" xmlns=\"http:\/\/www.w3.org\/2000\/svg\"><path d=\"M256 8c137 0 248 111 248 248S393 504 256 504 8 393 8 256 119 8 256 8zM140 300h116v70.9c0 10.7 13 16.1 20.5 8.5l114.3-114.9c4.7-4.7 4.7-12.2 0-16.9l-114.3-115c-7.6-7.6-20.5-2.2-20.5 8.5V212H140c-6.6 0-12 5.4-12 12v64c0 6.6 5.4 12 12 12z\"><\/path><\/svg>\t\t\t\t\t\t<\/span>\n\t\t\t\t\t\t\t\t\t\t<span class=\"elementor-icon-list-text\">Member of the Quebec Produce Marketing Association (AQDFL) for over 25 years<\/span>\n\t\t\t\t\t\t\t\t\t<\/li>\n\t\t\t\t\t\t\t\t<li class=\"elementor-icon-list-item\">\n\t\t\t\t\t\t\t\t\t\t\t<span class=\"elementor-icon-list-icon\">\n\t\t\t\t\t\t\t<svg aria-hidden=\"true\" class=\"e-font-icon-svg e-fas-arrow-alt-circle-right\" viewbox=\"0 0 512 512\" xmlns=\"http:\/\/www.w3.org\/2000\/svg\"><path d=\"M256 8c137 0 248 111 248 248S393 504 256 504 8 393 8 256 119 8 256 8zM140 300h116v70.9c0 10.7 13 16.1 20.5 8.5l114.3-114.9c4.7-4.7 4.7-12.2 0-16.9l-114.3-115c-7.6-7.6-20.5-2.2-20.5 8.5V212H140c-6.6 0-12 5.4-12 12v64c0 6.6 5.4 12 12 12z\"><\/path><\/svg>\t\t\t\t\t\t<\/span>\n\t\t\t\t\t\t\t\t\t\t<span class=\"elementor-icon-list-text\">Member of the Quebec Produce Growers Association (APMQ)<\/span>\n\t\t\t\t\t\t\t\t\t<\/li>\n\t\t\t\t\t\t<\/ul>\n\t\t\t\t\t\t<\/div>\n\t\t\t\t<\/div>\n\t\t\t\t<div class=\"elementor-element elementor-element-f688432 elementor-widget elementor-widget-heading\" data-id=\"f688432\" data-element_type=\"widget\" data-e-type=\"widget\" data-widget_type=\"heading.default\">\n\t\t\t\t<div class=\"elementor-widget-container\">\n\t\t\t\t\t<h3 class=\"elementor-heading-title elementor-size-default\">Canada :<\/h3>\t\t\t\t<\/div>\n\t\t\t\t<\/div>\n\t\t\t\t<div class=\"elementor-element elementor-element-54932e7 elementor-icon-list--layout-traditional elementor-list-item-link-full_width elementor-widget elementor-widget-icon-list\" data-id=\"54932e7\" data-element_type=\"widget\" data-e-type=\"widget\" data-widget_type=\"icon-list.default\">\n\t\t\t\t<div class=\"elementor-widget-container\">\n\t\t\t\t\t\t\t<ul class=\"elementor-icon-list-items\">\n\t\t\t\t\t\t\t<li class=\"elementor-icon-list-item\">\n\t\t\t\t\t\t\t\t\t\t\t<span class=\"elementor-icon-list-icon\">\n\t\t\t\t\t\t\t<svg aria-hidden=\"true\" class=\"e-font-icon-svg e-fas-arrow-alt-circle-right\" viewbox=\"0 0 512 512\" xmlns=\"http:\/\/www.w3.org\/2000\/svg\"><path d=\"M256 8c137 0 248 111 248 248S393 504 256 504 8 393 8 256 119 8 256 8zM140 300h116v70.9c0 10.7 13 16.1 20.5 8.5l114.3-114.9c4.7-4.7 4.7-12.2 0-16.9l-114.3-115c-7.6-7.6-20.5-2.2-20.5 8.5V212H140c-6.6 0-12 5.4-12 12v64c0 6.6 5.4 12 12 12z\"><\/path><\/svg>\t\t\t\t\t\t<\/span>\n\t\t\t\t\t\t\t\t\t\t<span class=\"elementor-icon-list-text\">Certified by CanadaGAP<\/span>\n\t\t\t\t\t\t\t\t\t<\/li>\n\t\t\t\t\t\t\t\t<li class=\"elementor-icon-list-item\">\n\t\t\t\t\t\t\t\t\t\t\t<span class=\"elementor-icon-list-icon\">\n\t\t\t\t\t\t\t<svg aria-hidden=\"true\" class=\"e-font-icon-svg e-fas-arrow-alt-circle-right\" viewbox=\"0 0 512 512\" xmlns=\"http:\/\/www.w3.org\/2000\/svg\"><path d=\"M256 8c137 0 248 111 248 248S393 504 256 504 8 393 8 256 119 8 256 8zM140 300h116v70.9c0 10.7 13 16.1 20.5 8.5l114.3-114.9c4.7-4.7 4.7-12.2 0-16.9l-114.3-115c-7.6-7.6-20.5-2.2-20.5 8.5V212H140c-6.6 0-12 5.4-12 12v64c0 6.6 5.4 12 12 12z\"><\/path><\/svg>\t\t\t\t\t\t<\/span>\n\t\t\t\t\t\t\t\t\t\t<span class=\"elementor-icon-list-text\">Affiliation to the DRC (Fruit and Vegetable Dispute Resolution Corporation)<\/span>\n\t\t\t\t\t\t\t\t\t<\/li>\n\t\t\t\t\t\t<\/ul>\n\t\t\t\t\t\t<\/div>\n\t\t\t\t<\/div>\n\t\t\t\t<div class=\"elementor-element elementor-element-37fb3da elementor-widget elementor-widget-heading\" data-id=\"37fb3da\" data-element_type=\"widget\" data-e-type=\"widget\" data-widget_type=\"heading.default\">\n\t\t\t\t<div class=\"elementor-widget-container\">\n\t\t\t\t\t<h3 class=\"elementor-heading-title elementor-size-default\">International :<\/h3>\t\t\t\t<\/div>\n\t\t\t\t<\/div>\n\t\t\t\t<div class=\"elementor-element elementor-element-091febc elementor-icon-list--layout-traditional elementor-list-item-link-full_width elementor-widget elementor-widget-icon-list\" data-id=\"091febc\" data-element_type=\"widget\" data-e-type=\"widget\" data-widget_type=\"icon-list.default\">\n\t\t\t\t<div class=\"elementor-widget-container\">\n\t\t\t\t\t\t\t<ul class=\"elementor-icon-list-items\">\n\t\t\t\t\t\t\t<li class=\"elementor-icon-list-item\">\n\t\t\t\t\t\t\t\t\t\t\t<span class=\"elementor-icon-list-icon\">\n\t\t\t\t\t\t\t<svg aria-hidden=\"true\" class=\"e-font-icon-svg e-fas-arrow-alt-circle-right\" viewbox=\"0 0 512 512\" xmlns=\"http:\/\/www.w3.org\/2000\/svg\"><path d=\"M256 8c137 0 248 111 248 248S393 504 256 504 8 393 8 256 119 8 256 8zM140 300h116v70.9c0 10.7 13 16.1 20.5 8.5l114.3-114.9c4.7-4.7 4.7-12.2 0-16.9l-114.3-115c-7.6-7.6-20.5-2.2-20.5 8.5V212H140c-6.6 0-12 5.4-12 12v64c0 6.6 5.4 12 12 12z\"><\/path><\/svg>\t\t\t\t\t\t<\/span>\n\t\t\t\t\t\t\t\t\t\t<span class=\"elementor-icon-list-text\">Member of Blue Book Services (International \u2013 United States and overseas)<\/span>\n\t\t\t\t\t\t\t\t\t<\/li>\n\t\t\t\t\t\t<\/ul>\n\t\t\t\t\t\t<\/div>\n\t\t\t\t<\/div>\n\t\t\t\t<div class=\"elementor-element elementor-element-16656fd elementor-widget elementor-widget-image\" data-id=\"16656fd\" data-element_type=\"widget\" data-e-type=\"widget\" data-widget_type=\"image.default\">\n\t\t\t\t<div class=\"elementor-widget-container\">\n\t\t\t\t\t\t\t\t\t\t\t\t\t\t\t<img decoding=\"async\" width=\"790\" height=\"100\" src=\"https:\/\/beauvaisltee.ca\/wp-content\/uploads\/beauvais-sec-2.png\" class=\"attachment-large size-large wp-image-932\" alt=\"\" srcset=\"https:\/\/beauvaisltee.ca\/wp-content\/uploads\/beauvais-sec-2.png 790w, https:\/\/beauvaisltee.ca\/wp-content\/uploads\/beauvais-sec-2-300x38.png 300w, https:\/\/beauvaisltee.ca\/wp-content\/uploads\/beauvais-sec-2-768x97.png 768w\" sizes=\"(max-width: 790px) 100vw, 790px\" \/>\t\t\t\t\t\t\t\t\t\t\t\t\t\t\t<\/div>\n\t\t\t\t<\/div>\n\t\t\t\t<\/div>\n\t\t\t\t<\/div>\n\t\t\t\t<\/div>","protected":false},"excerpt":{"rendered":"<p>Associations \/ Accr\u00e9ditations Associations Afin de demeurer \u00e0 l\u2019aff\u00fbt de ce qui se passe dans l\u2019industrie et pour contribuer \u00e0 l\u2019am\u00e9lioration de la qualit\u00e9 de vie des gens, Beauvais Lt\u00e9e est membre des principales associations de l\u2019industrie, tant pour ce qui est du d\u00e9veloppement de march\u00e9s que des normes en sant\u00e9 et s\u00e9curit\u00e9. Accr\u00e9ditations Qu\u00e9bec [&hellip;]<\/p>\n","protected":false},"author":2,"featured_media":0,"parent":0,"menu_order":0,"comment_status":"closed","ping_status":"closed","template":"","meta":{"footnotes":""},"class_list":["post-1578","page","type-page","status-publish","hentry"],"yoast_head":"<!-- This site is optimized with the Yoast SEO plugin v27.4 - https:\/\/yoast.com\/product\/yoast-seo-wordpress\/ -->\n<title>Associations\/Accr\u00e9ditations - Beauvais Fruits et L\u00e9gumes<\/title>\n<meta name=\"robots\" content=\"index, follow, max-snippet:-1, max-image-preview:large, max-video-preview:-1\" \/>\n<link rel=\"canonical\" href=\"https:\/\/beauvaisltee.ca\/en\/associations-accreditations\/\" \/>\n<meta property=\"og:locale\" content=\"en_US\" \/>\n<meta property=\"og:type\" content=\"article\" \/>\n<meta property=\"og:title\" content=\"Associations\/Accr\u00e9ditations - Beauvais Fruits et L\u00e9gumes\" \/>\n<meta property=\"og:description\" content=\"Associations \/ Accr\u00e9ditations Associations Afin de demeurer \u00e0 l\u2019aff\u00fbt de ce qui se passe dans l\u2019industrie et pour contribuer \u00e0 l\u2019am\u00e9lioration de la qualit\u00e9 de vie des gens, Beauvais Lt\u00e9e est membre des principales associations de l\u2019industrie, tant pour ce qui est du d\u00e9veloppement de march\u00e9s que des normes en sant\u00e9 et s\u00e9curit\u00e9. Accr\u00e9ditations Qu\u00e9bec [&hellip;]\" \/>\n<meta property=\"og:url\" content=\"https:\/\/beauvaisltee.ca\/en\/associations-accreditations\/\" \/>\n<meta property=\"og:site_name\" content=\"Beauvais Fruits et L\u00e9gumes\" \/>\n<meta property=\"article:modified_time\" content=\"2026-01-16T12:34:05+00:00\" \/>\n<meta property=\"og:image\" content=\"https:\/\/beauvaisltee.ca\/wp-content\/uploads\/certification.png\" \/>\n\t<meta property=\"og:image:width\" content=\"1920\" \/>\n\t<meta property=\"og:image:height\" content=\"807\" \/>\n\t<meta property=\"og:image:type\" content=\"image\/png\" \/>\n<meta name=\"twitter:card\" content=\"summary_large_image\" \/>\n<meta name=\"twitter:label1\" content=\"Est. reading time\" \/>\n\t<meta name=\"twitter:data1\" content=\"1 minute\" \/>\n<script type=\"application\/ld+json\" class=\"yoast-schema-graph\">{\"@context\":\"https:\\\/\\\/schema.org\",\"@graph\":[{\"@type\":\"WebPage\",\"@id\":\"https:\\\/\\\/beauvaisltee.ca\\\/associations-accreditations\\\/\",\"url\":\"https:\\\/\\\/beauvaisltee.ca\\\/associations-accreditations\\\/\",\"name\":\"Associations\\\/Accr\u00e9ditations - Beauvais Fruits et L\u00e9gumes\",\"isPartOf\":{\"@id\":\"https:\\\/\\\/beauvaisltee.ca\\\/#website\"},\"primaryImageOfPage\":{\"@id\":\"https:\\\/\\\/beauvaisltee.ca\\\/associations-accreditations\\\/#primaryimage\"},\"image\":{\"@id\":\"https:\\\/\\\/beauvaisltee.ca\\\/associations-accreditations\\\/#primaryimage\"},\"thumbnailUrl\":\"https:\\\/\\\/beauvaisltee.ca\\\/wp-content\\\/uploads\\\/certification.png\",\"datePublished\":\"2024-02-14T22:48:53+00:00\",\"dateModified\":\"2026-01-16T12:34:05+00:00\",\"breadcrumb\":{\"@id\":\"https:\\\/\\\/beauvaisltee.ca\\\/associations-accreditations\\\/#breadcrumb\"},\"inLanguage\":\"en-US\",\"potentialAction\":[{\"@type\":\"ReadAction\",\"target\":[\"https:\\\/\\\/beauvaisltee.ca\\\/associations-accreditations\\\/\"]}]},{\"@type\":\"ImageObject\",\"inLanguage\":\"en-US\",\"@id\":\"https:\\\/\\\/beauvaisltee.ca\\\/associations-accreditations\\\/#primaryimage\",\"url\":\"https:\\\/\\\/beauvaisltee.ca\\\/wp-content\\\/uploads\\\/certification.png\",\"contentUrl\":\"https:\\\/\\\/beauvaisltee.ca\\\/wp-content\\\/uploads\\\/certification.png\"},{\"@type\":\"BreadcrumbList\",\"@id\":\"https:\\\/\\\/beauvaisltee.ca\\\/associations-accreditations\\\/#breadcrumb\",\"itemListElement\":[{\"@type\":\"ListItem\",\"position\":1,\"name\":\"Accueil\",\"item\":\"https:\\\/\\\/beauvaisltee.ca\\\/\"},{\"@type\":\"ListItem\",\"position\":2,\"name\":\"Associations\\\/Accr\u00e9ditations\"}]},{\"@type\":\"WebSite\",\"@id\":\"https:\\\/\\\/beauvaisltee.ca\\\/#website\",\"url\":\"https:\\\/\\\/beauvaisltee.ca\\\/\",\"name\":\"Beauvais Fruits et L\u00e9gumes\",\"description\":\"Beauvais Lt\u00e9e - Import et Export\",\"publisher\":{\"@id\":\"https:\\\/\\\/beauvaisltee.ca\\\/#organization\"},\"potentialAction\":[{\"@type\":\"SearchAction\",\"target\":{\"@type\":\"EntryPoint\",\"urlTemplate\":\"https:\\\/\\\/beauvaisltee.ca\\\/?s={search_term_string}\"},\"query-input\":{\"@type\":\"PropertyValueSpecification\",\"valueRequired\":true,\"valueName\":\"search_term_string\"}}],\"inLanguage\":\"en-US\"},{\"@type\":\"Organization\",\"@id\":\"https:\\\/\\\/beauvaisltee.ca\\\/#organization\",\"name\":\"Beauvais Fruits et L\u00e9gumes\",\"url\":\"https:\\\/\\\/beauvaisltee.ca\\\/\",\"logo\":{\"@type\":\"ImageObject\",\"inLanguage\":\"en-US\",\"@id\":\"https:\\\/\\\/beauvaisltee.ca\\\/#\\\/schema\\\/logo\\\/image\\\/\",\"url\":\"https:\\\/\\\/beauvaisltee.ca\\\/wp-content\\\/uploads\\\/beauvais-logo-new.png\",\"contentUrl\":\"https:\\\/\\\/beauvaisltee.ca\\\/wp-content\\\/uploads\\\/beauvais-logo-new.png\",\"width\":500,\"height\":93,\"caption\":\"Beauvais Fruits et L\u00e9gumes\"},\"image\":{\"@id\":\"https:\\\/\\\/beauvaisltee.ca\\\/#\\\/schema\\\/logo\\\/image\\\/\"}}]}<\/script>\n<!-- \/ Yoast SEO plugin. -->","yoast_head_json":{"title":"Associations\/Accr\u00e9ditations - Beauvais Fruits et L\u00e9gumes","robots":{"index":"index","follow":"follow","max-snippet":"max-snippet:-1","max-image-preview":"max-image-preview:large","max-video-preview":"max-video-preview:-1"},"canonical":"https:\/\/beauvaisltee.ca\/en\/associations-accreditations\/","og_locale":"en_US","og_type":"article","og_title":"Associations\/Accr\u00e9ditations - Beauvais Fruits et L\u00e9gumes","og_description":"Associations \/ Accr\u00e9ditations Associations Afin de demeurer \u00e0 l\u2019aff\u00fbt de ce qui se passe dans l\u2019industrie et pour contribuer \u00e0 l\u2019am\u00e9lioration de la qualit\u00e9 de vie des gens, Beauvais Lt\u00e9e est membre des principales associations de l\u2019industrie, tant pour ce qui est du d\u00e9veloppement de march\u00e9s que des normes en sant\u00e9 et s\u00e9curit\u00e9. Accr\u00e9ditations Qu\u00e9bec [&hellip;]","og_url":"https:\/\/beauvaisltee.ca\/en\/associations-accreditations\/","og_site_name":"Beauvais Fruits et L\u00e9gumes","article_modified_time":"2026-01-16T12:34:05+00:00","og_image":[{"width":1920,"height":807,"url":"https:\/\/beauvaisltee.ca\/wp-content\/uploads\/certification.png","type":"image\/png"}],"twitter_card":"summary_large_image","twitter_misc":{"Est. reading time":"1 minute"},"schema":{"@context":"https:\/\/schema.org","@graph":[{"@type":"WebPage","@id":"https:\/\/beauvaisltee.ca\/associations-accreditations\/","url":"https:\/\/beauvaisltee.ca\/associations-accreditations\/","name":"Associations\/Accr\u00e9ditations - Beauvais Fruits et L\u00e9gumes","isPartOf":{"@id":"https:\/\/beauvaisltee.ca\/#website"},"primaryImageOfPage":{"@id":"https:\/\/beauvaisltee.ca\/associations-accreditations\/#primaryimage"},"image":{"@id":"https:\/\/beauvaisltee.ca\/associations-accreditations\/#primaryimage"},"thumbnailUrl":"https:\/\/beauvaisltee.ca\/wp-content\/uploads\/certification.png","datePublished":"2024-02-14T22:48:53+00:00","dateModified":"2026-01-16T12:34:05+00:00","breadcrumb":{"@id":"https:\/\/beauvaisltee.ca\/associations-accreditations\/#breadcrumb"},"inLanguage":"en-US","potentialAction":[{"@type":"ReadAction","target":["https:\/\/beauvaisltee.ca\/associations-accreditations\/"]}]},{"@type":"ImageObject","inLanguage":"en-US","@id":"https:\/\/beauvaisltee.ca\/associations-accreditations\/#primaryimage","url":"https:\/\/beauvaisltee.ca\/wp-content\/uploads\/certification.png","contentUrl":"https:\/\/beauvaisltee.ca\/wp-content\/uploads\/certification.png"},{"@type":"BreadcrumbList","@id":"https:\/\/beauvaisltee.ca\/associations-accreditations\/#breadcrumb","itemListElement":[{"@type":"ListItem","position":1,"name":"Accueil","item":"https:\/\/beauvaisltee.ca\/"},{"@type":"ListItem","position":2,"name":"Associations\/Accr\u00e9ditations"}]},{"@type":"WebSite","@id":"https:\/\/beauvaisltee.ca\/#website","url":"https:\/\/beauvaisltee.ca\/","name":"Beauvais Fruits et L\u00e9gumes","description":"Beauvais Lt\u00e9e - Import et Export","publisher":{"@id":"https:\/\/beauvaisltee.ca\/#organization"},"potentialAction":[{"@type":"SearchAction","target":{"@type":"EntryPoint","urlTemplate":"https:\/\/beauvaisltee.ca\/?s={search_term_string}"},"query-input":{"@type":"PropertyValueSpecification","valueRequired":true,"valueName":"search_term_string"}}],"inLanguage":"en-US"},{"@type":"Organization","@id":"https:\/\/beauvaisltee.ca\/#organization","name":"Beauvais Fruits et L\u00e9gumes","url":"https:\/\/beauvaisltee.ca\/","logo":{"@type":"ImageObject","inLanguage":"en-US","@id":"https:\/\/beauvaisltee.ca\/#\/schema\/logo\/image\/","url":"https:\/\/beauvaisltee.ca\/wp-content\/uploads\/beauvais-logo-new.png","contentUrl":"https:\/\/beauvaisltee.ca\/wp-content\/uploads\/beauvais-logo-new.png","width":500,"height":93,"caption":"Beauvais Fruits et L\u00e9gumes"},"image":{"@id":"https:\/\/beauvaisltee.ca\/#\/schema\/logo\/image\/"}}]}},"_links":{"self":[{"href":"https:\/\/beauvaisltee.ca\/en\/wp-json\/wp\/v2\/pages\/1578","targetHints":{"allow":["GET"]}}],"collection":[{"href":"https:\/\/beauvaisltee.ca\/en\/wp-json\/wp\/v2\/pages"}],"about":[{"href":"https:\/\/beauvaisltee.ca\/en\/wp-json\/wp\/v2\/types\/page"}],"author":[{"embeddable":true,"href":"https:\/\/beauvaisltee.ca\/en\/wp-json\/wp\/v2\/users\/2"}],"replies":[{"embeddable":true,"href":"https:\/\/beauvaisltee.ca\/en\/wp-json\/wp\/v2\/comments?post=1578"}],"version-history":[{"count":5,"href":"https:\/\/beauvaisltee.ca\/en\/wp-json\/wp\/v2\/pages\/1578\/revisions"}],"predecessor-version":[{"id":2848,"href":"https:\/\/beauvaisltee.ca\/en\/wp-json\/wp\/v2\/pages\/1578\/revisions\/2848"}],"wp:attachment":[{"href":"https:\/\/beauvaisltee.ca\/en\/wp-json\/wp\/v2\/media?parent=1578"}],"curies":[{"name":"wp","href":"https:\/\/api.w.org\/{rel}","templated":true}]}}