{"id":1597,"date":"2024-02-15T15:29:50","date_gmt":"2024-02-15T20:29:50","guid":{"rendered":"https:\/\/beauvaisltee.ca\/fr\/?page_id=1597"},"modified":"2024-02-18T14:59:28","modified_gmt":"2024-02-18T19:59:28","slug":"conditions-dutilisation-du-site-web","status":"publish","type":"page","link":"https:\/\/beauvaisltee.ca\/en\/conditions-dutilisation-du-site-web\/","title":{"rendered":"Terms of service"},"content":{"rendered":"<div data-elementor-type=\"wp-page\" data-elementor-id=\"1597\" class=\"elementor elementor-1597\" data-elementor-settings=\"{&quot;ha_cmc_init_switcher&quot;:&quot;no&quot;}\" data-elementor-post-type=\"page\">\n\t\t\t\t<div class=\"elementor-element elementor-element-7725a31 e-flex e-con-boxed e-con e-parent\" data-id=\"7725a31\" data-element_type=\"container\" data-e-type=\"container\" data-settings=\"{&quot;_ha_eqh_enable&quot;:false}\">\n\t\t\t\t\t<div class=\"e-con-inner\">\n\t\t\t\t<div class=\"elementor-element elementor-element-fe4e47b elementor-widget elementor-widget-heading\" data-id=\"fe4e47b\" data-element_type=\"widget\" data-e-type=\"widget\" data-widget_type=\"heading.default\">\n\t\t\t\t<div class=\"elementor-widget-container\">\n\t\t\t\t\t<h1 class=\"elementor-heading-title elementor-size-default\">Terms of service<\/h1>\t\t\t\t<\/div>\n\t\t\t\t<\/div>\n\t\t\t\t<div class=\"elementor-element elementor-element-a34eea2 elementor-widget elementor-widget-text-editor\" data-id=\"a34eea2\" data-element_type=\"widget\" data-e-type=\"widget\" data-widget_type=\"text-editor.default\">\n\t\t\t\t<div class=\"elementor-widget-container\">\n\t\t\t\t\t\t\t\t\t<h3>1. Terms<\/h3>\n<p>By accessing this Website, you agree to be bound by these Website Terms of Use, all applicable laws and regulations, and agree that you are responsible for compliance with any applicable local laws. If you do not agree with any of these terms, you are prohibited from using or accessing this website. The materials contained in this website are protected by copyright and trade mark law.<\/p>\n<h3>2. License<\/h3>\n<p>Permission is granted to temporarily download one copy of the materials (information or software) on Beauvais Fruits et L\u00e9gumes's web site for non-commercial transitory viewing only. This is a grant of a licence, not a transfer of title, and under this licence you may not: modify or copy the materials; use the materials for any commercial purpose or any public display (commercial or non-commercial); attempt to decompile or reverse engineer any software contained on the Beauvais Fruits et L\u00e9gumes web site; remove any copyright or other proprietary notices from the materials; or transfer the materials to another person or \"mirror\" the materials on any other server. This license shall automatically terminate if you violate any of these restrictions and may be terminated by Beauvais Fruits et L\u00e9gumes at any time. Upon terminating your viewing of these materials or upon termination of this license, you must destroy all downloaded materials in your possession whether in electronic or printed form.<\/p>\n<h3>3. Warning<\/h3>\n<p>The materials on Beauvais Fruits et L\u00e9gumes's web site are provided \"as is\". Beauvais Fruits et L\u00e9gumes makes no warranties, expressed or implied, and hereby disclaims and negates all other warranties, including without limitation, implied warranties or conditions of merchantability, fitness for a particular purpose, or non-infringement of intellectual property or other violation of rights. Further, Beauvais Fruits et L\u00e9gumes does not warrant or make any representations concerning the accuracy, likely results, or reliability of the use of the materials on its Internet web site or otherwise relating to such materials or on any sites linked to this site.<\/p>\n<h3>4. Limits<\/h3>\n<p>In no event shall Beauvais Fruits et L\u00e9gumes or its suppliers be liable for any damages (including, without limitation, damages for loss of data or profit, or due to business interruption) arising out of the use or inability to use the materials on Beauvais Fruits et L\u00e9gumes web site, even if Beauvais Fruits et L\u00e9gumes or a Beauvais Fruits et L\u00e9gumes authorized representative has been notified orally or in writing of the possibility of such damage. Because some jurisdictions do not allow limitations on implied warranties or limitations of liability for consequential or incidental damages, these limitations may not apply to you.<\/p>\n<h3>5. Revisions and Errata<\/h3>\n<p>The materials appearing on Beauvais Fruits et L\u00e9gumes's web site could include technical, typographical, or photographic errors. Beauvais Fruits et L\u00e9gumes does not warrant that any of the materials on its web site are accurate, complete, or current. Beauvais Fruits et L\u00e9gumes may make changes to the materials contained on its web site at any time without notice. Beauvais Fruits et L\u00e9gumes does not, however, make any commitment to update the materials.<\/p>\n<h3>6. Links<\/h3>\n<p>Beauvais Fruits et L\u00e9gumes has not reviewed all of the sites linked to its Internet web site and is not responsible for the contents of any such linked site. The inclusion of any link does not imply endorsement by Beauvais Fruits et L\u00e9gumes of the site. Use of any linked website is at the user's own risk.<\/p>\n<h3>7. Changes to the conditions of use of the site<\/h3>\n<p>Beauvais Fruits et L\u00e9gumes may revise these terms of use for its web site at any time without notice. By using this Web site, you agree to be bound by the then-current version of these Terms of Use.<\/p>\n<h3>8. Applicable law<\/h3>\n<p>Any claim relating to the Beauvais Fruits et L\u00e9gumes web site shall be governed by the laws of the Province of Quebec without regard to its conflict of law provisions. Terms and Conditions Applicable to the Use of a Web Site.<\/p>\t\t\t\t\t\t\t\t<\/div>\n\t\t\t\t<\/div>\n\t\t\t\t\t<\/div>\n\t\t\t\t<\/div>\n\t\t\t\t<\/div>","protected":false},"excerpt":{"rendered":"<p>1. Termes En acc\u00e9dant \u00e0 ce site Web, vous acceptez d\u2019\u00eatre li\u00e9 par ces Conditions d\u2019utilisation du site Web, toutes les lois et tous les r\u00e8glements applicables, et convenez que vous \u00eates responsable de la conformit\u00e9 \u00e0 toute loi locale applicable lois. Si vous n\u2019\u00eates pas d\u2019accord avec l\u2019un de ces termes, il vous est [&hellip;]<\/p>\n","protected":false},"author":2,"featured_media":0,"parent":0,"menu_order":0,"comment_status":"closed","ping_status":"closed","template":"","meta":{"footnotes":""},"class_list":["post-1597","page","type-page","status-publish","hentry"],"yoast_head":"<!-- This site is optimized with the Yoast SEO plugin v27.4 - https:\/\/yoast.com\/product\/yoast-seo-wordpress\/ -->\n<title>Conditions d\u2019utilisation du site Web - Beauvais Fruits et L\u00e9gumes<\/title>\n<meta name=\"robots\" content=\"index, follow, max-snippet:-1, max-image-preview:large, max-video-preview:-1\" \/>\n<link rel=\"canonical\" href=\"https:\/\/beauvaisltee.ca\/en\/conditions-dutilisation-du-site-web\/\" \/>\n<meta property=\"og:locale\" content=\"en_US\" \/>\n<meta property=\"og:type\" content=\"article\" \/>\n<meta property=\"og:title\" content=\"Conditions d\u2019utilisation du site Web - Beauvais Fruits et L\u00e9gumes\" \/>\n<meta property=\"og:description\" content=\"1. Termes En acc\u00e9dant \u00e0 ce site Web, vous acceptez d\u2019\u00eatre li\u00e9 par ces Conditions d\u2019utilisation du site Web, toutes les lois et tous les r\u00e8glements applicables, et convenez que vous \u00eates responsable de la conformit\u00e9 \u00e0 toute loi locale applicable lois. Si vous n\u2019\u00eates pas d\u2019accord avec l\u2019un de ces termes, il vous est [&hellip;]\" \/>\n<meta property=\"og:url\" content=\"https:\/\/beauvaisltee.ca\/en\/conditions-dutilisation-du-site-web\/\" \/>\n<meta property=\"og:site_name\" content=\"Beauvais Fruits et L\u00e9gumes\" \/>\n<meta property=\"article:modified_time\" content=\"2024-02-18T19:59:28+00:00\" \/>\n<meta name=\"twitter:card\" content=\"summary_large_image\" \/>\n<meta name=\"twitter:label1\" content=\"Est. reading time\" \/>\n\t<meta name=\"twitter:data1\" content=\"4 minutes\" \/>\n<script type=\"application\/ld+json\" class=\"yoast-schema-graph\">{\"@context\":\"https:\\\/\\\/schema.org\",\"@graph\":[{\"@type\":\"WebPage\",\"@id\":\"https:\\\/\\\/beauvaisltee.ca\\\/conditions-dutilisation-du-site-web\\\/\",\"url\":\"https:\\\/\\\/beauvaisltee.ca\\\/conditions-dutilisation-du-site-web\\\/\",\"name\":\"Conditions d\u2019utilisation du site Web - Beauvais Fruits et L\u00e9gumes\",\"isPartOf\":{\"@id\":\"https:\\\/\\\/beauvaisltee.ca\\\/#website\"},\"datePublished\":\"2024-02-15T20:29:50+00:00\",\"dateModified\":\"2024-02-18T19:59:28+00:00\",\"breadcrumb\":{\"@id\":\"https:\\\/\\\/beauvaisltee.ca\\\/conditions-dutilisation-du-site-web\\\/#breadcrumb\"},\"inLanguage\":\"en-US\",\"potentialAction\":[{\"@type\":\"ReadAction\",\"target\":[\"https:\\\/\\\/beauvaisltee.ca\\\/conditions-dutilisation-du-site-web\\\/\"]}]},{\"@type\":\"BreadcrumbList\",\"@id\":\"https:\\\/\\\/beauvaisltee.ca\\\/conditions-dutilisation-du-site-web\\\/#breadcrumb\",\"itemListElement\":[{\"@type\":\"ListItem\",\"position\":1,\"name\":\"Accueil\",\"item\":\"https:\\\/\\\/beauvaisltee.ca\\\/\"},{\"@type\":\"ListItem\",\"position\":2,\"name\":\"Conditions d\u2019utilisation du site Web\"}]},{\"@type\":\"WebSite\",\"@id\":\"https:\\\/\\\/beauvaisltee.ca\\\/#website\",\"url\":\"https:\\\/\\\/beauvaisltee.ca\\\/\",\"name\":\"Beauvais Fruits et L\u00e9gumes\",\"description\":\"Beauvais Lt\u00e9e - Import et Export\",\"publisher\":{\"@id\":\"https:\\\/\\\/beauvaisltee.ca\\\/#organization\"},\"potentialAction\":[{\"@type\":\"SearchAction\",\"target\":{\"@type\":\"EntryPoint\",\"urlTemplate\":\"https:\\\/\\\/beauvaisltee.ca\\\/?s={search_term_string}\"},\"query-input\":{\"@type\":\"PropertyValueSpecification\",\"valueRequired\":true,\"valueName\":\"search_term_string\"}}],\"inLanguage\":\"en-US\"},{\"@type\":\"Organization\",\"@id\":\"https:\\\/\\\/beauvaisltee.ca\\\/#organization\",\"name\":\"Beauvais Fruits et L\u00e9gumes\",\"url\":\"https:\\\/\\\/beauvaisltee.ca\\\/\",\"logo\":{\"@type\":\"ImageObject\",\"inLanguage\":\"en-US\",\"@id\":\"https:\\\/\\\/beauvaisltee.ca\\\/#\\\/schema\\\/logo\\\/image\\\/\",\"url\":\"https:\\\/\\\/beauvaisltee.ca\\\/wp-content\\\/uploads\\\/beauvais-logo-new.png\",\"contentUrl\":\"https:\\\/\\\/beauvaisltee.ca\\\/wp-content\\\/uploads\\\/beauvais-logo-new.png\",\"width\":500,\"height\":93,\"caption\":\"Beauvais Fruits et L\u00e9gumes\"},\"image\":{\"@id\":\"https:\\\/\\\/beauvaisltee.ca\\\/#\\\/schema\\\/logo\\\/image\\\/\"}}]}<\/script>\n<!-- \/ Yoast SEO plugin. -->","yoast_head_json":{"title":"Conditions d\u2019utilisation du site Web - Beauvais Fruits et L\u00e9gumes","robots":{"index":"index","follow":"follow","max-snippet":"max-snippet:-1","max-image-preview":"max-image-preview:large","max-video-preview":"max-video-preview:-1"},"canonical":"https:\/\/beauvaisltee.ca\/en\/conditions-dutilisation-du-site-web\/","og_locale":"en_US","og_type":"article","og_title":"Conditions d\u2019utilisation du site Web - Beauvais Fruits et L\u00e9gumes","og_description":"1. Termes En acc\u00e9dant \u00e0 ce site Web, vous acceptez d\u2019\u00eatre li\u00e9 par ces Conditions d\u2019utilisation du site Web, toutes les lois et tous les r\u00e8glements applicables, et convenez que vous \u00eates responsable de la conformit\u00e9 \u00e0 toute loi locale applicable lois. Si vous n\u2019\u00eates pas d\u2019accord avec l\u2019un de ces termes, il vous est [&hellip;]","og_url":"https:\/\/beauvaisltee.ca\/en\/conditions-dutilisation-du-site-web\/","og_site_name":"Beauvais Fruits et L\u00e9gumes","article_modified_time":"2024-02-18T19:59:28+00:00","twitter_card":"summary_large_image","twitter_misc":{"Est. reading time":"4 minutes"},"schema":{"@context":"https:\/\/schema.org","@graph":[{"@type":"WebPage","@id":"https:\/\/beauvaisltee.ca\/conditions-dutilisation-du-site-web\/","url":"https:\/\/beauvaisltee.ca\/conditions-dutilisation-du-site-web\/","name":"Conditions d\u2019utilisation du site Web - Beauvais Fruits et L\u00e9gumes","isPartOf":{"@id":"https:\/\/beauvaisltee.ca\/#website"},"datePublished":"2024-02-15T20:29:50+00:00","dateModified":"2024-02-18T19:59:28+00:00","breadcrumb":{"@id":"https:\/\/beauvaisltee.ca\/conditions-dutilisation-du-site-web\/#breadcrumb"},"inLanguage":"en-US","potentialAction":[{"@type":"ReadAction","target":["https:\/\/beauvaisltee.ca\/conditions-dutilisation-du-site-web\/"]}]},{"@type":"BreadcrumbList","@id":"https:\/\/beauvaisltee.ca\/conditions-dutilisation-du-site-web\/#breadcrumb","itemListElement":[{"@type":"ListItem","position":1,"name":"Accueil","item":"https:\/\/beauvaisltee.ca\/"},{"@type":"ListItem","position":2,"name":"Conditions d\u2019utilisation du site Web"}]},{"@type":"WebSite","@id":"https:\/\/beauvaisltee.ca\/#website","url":"https:\/\/beauvaisltee.ca\/","name":"Beauvais Fruits et L\u00e9gumes","description":"Beauvais Lt\u00e9e - Import et Export","publisher":{"@id":"https:\/\/beauvaisltee.ca\/#organization"},"potentialAction":[{"@type":"SearchAction","target":{"@type":"EntryPoint","urlTemplate":"https:\/\/beauvaisltee.ca\/?s={search_term_string}"},"query-input":{"@type":"PropertyValueSpecification","valueRequired":true,"valueName":"search_term_string"}}],"inLanguage":"en-US"},{"@type":"Organization","@id":"https:\/\/beauvaisltee.ca\/#organization","name":"Beauvais Fruits et L\u00e9gumes","url":"https:\/\/beauvaisltee.ca\/","logo":{"@type":"ImageObject","inLanguage":"en-US","@id":"https:\/\/beauvaisltee.ca\/#\/schema\/logo\/image\/","url":"https:\/\/beauvaisltee.ca\/wp-content\/uploads\/beauvais-logo-new.png","contentUrl":"https:\/\/beauvaisltee.ca\/wp-content\/uploads\/beauvais-logo-new.png","width":500,"height":93,"caption":"Beauvais Fruits et L\u00e9gumes"},"image":{"@id":"https:\/\/beauvaisltee.ca\/#\/schema\/logo\/image\/"}}]}},"_links":{"self":[{"href":"https:\/\/beauvaisltee.ca\/en\/wp-json\/wp\/v2\/pages\/1597","targetHints":{"allow":["GET"]}}],"collection":[{"href":"https:\/\/beauvaisltee.ca\/en\/wp-json\/wp\/v2\/pages"}],"about":[{"href":"https:\/\/beauvaisltee.ca\/en\/wp-json\/wp\/v2\/types\/page"}],"author":[{"embeddable":true,"href":"https:\/\/beauvaisltee.ca\/en\/wp-json\/wp\/v2\/users\/2"}],"replies":[{"embeddable":true,"href":"https:\/\/beauvaisltee.ca\/en\/wp-json\/wp\/v2\/comments?post=1597"}],"version-history":[{"count":5,"href":"https:\/\/beauvaisltee.ca\/en\/wp-json\/wp\/v2\/pages\/1597\/revisions"}],"predecessor-version":[{"id":2165,"href":"https:\/\/beauvaisltee.ca\/en\/wp-json\/wp\/v2\/pages\/1597\/revisions\/2165"}],"wp:attachment":[{"href":"https:\/\/beauvaisltee.ca\/en\/wp-json\/wp\/v2\/media?parent=1597"}],"curies":[{"name":"wp","href":"https:\/\/api.w.org\/{rel}","templated":true}]}}