{"id":1603,"date":"2024-02-15T15:34:35","date_gmt":"2024-02-15T20:34:35","guid":{"rendered":"https:\/\/beauvaisltee.ca\/fr\/?page_id=1603"},"modified":"2024-02-18T15:31:41","modified_gmt":"2024-02-18T20:31:41","slug":"politique-de-confidentialite","status":"publish","type":"page","link":"https:\/\/beauvaisltee.ca\/en\/politique-de-confidentialite\/","title":{"rendered":"Privacy Policy"},"content":{"rendered":"<div data-elementor-type=\"wp-page\" data-elementor-id=\"1603\" class=\"elementor elementor-1603\" data-elementor-settings=\"{&quot;ha_cmc_init_switcher&quot;:&quot;no&quot;}\" data-elementor-post-type=\"page\">\n\t\t\t\t<div class=\"elementor-element elementor-element-8fcd394 e-flex e-con-boxed e-con e-parent\" data-id=\"8fcd394\" data-element_type=\"container\" data-e-type=\"container\" data-settings=\"{&quot;_ha_eqh_enable&quot;:false}\">\n\t\t\t\t\t<div class=\"e-con-inner\">\n\t\t\t\t<div class=\"elementor-element elementor-element-447a238 elementor-widget elementor-widget-heading\" data-id=\"447a238\" data-element_type=\"widget\" data-e-type=\"widget\" data-widget_type=\"heading.default\">\n\t\t\t\t<div class=\"elementor-widget-container\">\n\t\t\t\t\t<h1 class=\"elementor-heading-title elementor-size-default\">Privacy Policy<\/h1>\t\t\t\t<\/div>\n\t\t\t\t<\/div>\n\t\t\t\t<div class=\"elementor-element elementor-element-da31ea1 elementor-widget elementor-widget-text-editor\" data-id=\"da31ea1\" data-element_type=\"widget\" data-e-type=\"widget\" data-widget_type=\"text-editor.default\">\n\t\t\t\t<div class=\"elementor-widget-container\">\n\t\t\t\t\t\t\t\t\t<p>Your privacy is very important to us. Accordingly, we have developed this policy so that you understand how we collect, use, communicate and disclose personal information. The following describes our privacy policy.<\/p>\n<ul>\n<li>Before or at the time personal information is collected, we will identify the purposes for which the information is collected.<\/li>\n<li>We will collect and use personal information only for the purposes we have specified and for other compatible purposes, unless we obtain the consent of the individual concerned or are required to do so by law.<\/li>\n<li>We will retain personal information only as long as is necessary for the fulfilment of these purposes. We collect personal information by lawful and fair means and, where appropriate, with the knowledge or consent of the individual concerned.<\/li>\n<li>Personal data must be relevant to the purposes for which it is to be used and, to the extent necessary for those purposes, must be accurate, complete and up-to-date.<\/li>\n<li>We will use reasonable security safeguards to protect personal information against loss or theft, as well as unauthorized access, disclosure, copying, use or modification.<\/li>\n<li>We will provide customers with information about our policies and practices relating to the management of personal information.<\/li>\n<\/ul>\n<p>\u00a0<\/p>\n<p>We are committed to conducting our business in accordance with these principles to ensure that the confidentiality of personal information is protected and maintained.<\/p>\t\t\t\t\t\t\t\t<\/div>\n\t\t\t\t<\/div>\n\t\t\t\t\t<\/div>\n\t\t\t\t<\/div>\n\t\t\t\t<\/div>","protected":false},"excerpt":{"rendered":"<p>Votre vie priv\u00e9e est tr\u00e8s importante pour nous. En cons\u00e9quence, nous avons d\u00e9velopp\u00e9 cette politique afin que vous compreniez comment nous recueillons, utilisons, communiquons et divulguons et utilisons des informations personnelles. Ce qui suit d\u00e9crit notre politique de confidentialit\u00e9. Avant ou au moment de la collecte des informations personnelles, nous identifierons les finalit\u00e9s pour lesquelles [&hellip;]<\/p>\n","protected":false},"author":2,"featured_media":0,"parent":0,"menu_order":0,"comment_status":"closed","ping_status":"closed","template":"","meta":{"footnotes":""},"class_list":["post-1603","page","type-page","status-publish","hentry"],"yoast_head":"<!-- This site is optimized with the Yoast SEO plugin v27.4 - https:\/\/yoast.com\/product\/yoast-seo-wordpress\/ -->\n<title>Politique de confidentialit\u00e9 - Beauvais Fruits et L\u00e9gumes<\/title>\n<meta name=\"robots\" content=\"index, follow, max-snippet:-1, max-image-preview:large, max-video-preview:-1\" \/>\n<link rel=\"canonical\" href=\"https:\/\/beauvaisltee.ca\/en\/politique-de-confidentialite\/\" \/>\n<meta property=\"og:locale\" content=\"en_US\" \/>\n<meta property=\"og:type\" content=\"article\" \/>\n<meta property=\"og:title\" content=\"Politique de confidentialit\u00e9 - Beauvais Fruits et L\u00e9gumes\" \/>\n<meta property=\"og:description\" content=\"Votre vie priv\u00e9e est tr\u00e8s importante pour nous. En cons\u00e9quence, nous avons d\u00e9velopp\u00e9 cette politique afin que vous compreniez comment nous recueillons, utilisons, communiquons et divulguons et utilisons des informations personnelles. Ce qui suit d\u00e9crit notre politique de confidentialit\u00e9. Avant ou au moment de la collecte des informations personnelles, nous identifierons les finalit\u00e9s pour lesquelles [&hellip;]\" \/>\n<meta property=\"og:url\" content=\"https:\/\/beauvaisltee.ca\/en\/politique-de-confidentialite\/\" \/>\n<meta property=\"og:site_name\" content=\"Beauvais Fruits et L\u00e9gumes\" \/>\n<meta property=\"article:modified_time\" content=\"2024-02-18T20:31:41+00:00\" \/>\n<meta name=\"twitter:card\" content=\"summary_large_image\" \/>\n<meta name=\"twitter:label1\" content=\"Est. reading time\" \/>\n\t<meta name=\"twitter:data1\" content=\"2 minutes\" \/>\n<script type=\"application\/ld+json\" class=\"yoast-schema-graph\">{\"@context\":\"https:\\\/\\\/schema.org\",\"@graph\":[{\"@type\":\"WebPage\",\"@id\":\"https:\\\/\\\/beauvaisltee.ca\\\/politique-de-confidentialite\\\/\",\"url\":\"https:\\\/\\\/beauvaisltee.ca\\\/politique-de-confidentialite\\\/\",\"name\":\"Politique de confidentialit\u00e9 - Beauvais Fruits et L\u00e9gumes\",\"isPartOf\":{\"@id\":\"https:\\\/\\\/beauvaisltee.ca\\\/#website\"},\"datePublished\":\"2024-02-15T20:34:35+00:00\",\"dateModified\":\"2024-02-18T20:31:41+00:00\",\"breadcrumb\":{\"@id\":\"https:\\\/\\\/beauvaisltee.ca\\\/politique-de-confidentialite\\\/#breadcrumb\"},\"inLanguage\":\"en-US\",\"potentialAction\":[{\"@type\":\"ReadAction\",\"target\":[\"https:\\\/\\\/beauvaisltee.ca\\\/politique-de-confidentialite\\\/\"]}]},{\"@type\":\"BreadcrumbList\",\"@id\":\"https:\\\/\\\/beauvaisltee.ca\\\/politique-de-confidentialite\\\/#breadcrumb\",\"itemListElement\":[{\"@type\":\"ListItem\",\"position\":1,\"name\":\"Accueil\",\"item\":\"https:\\\/\\\/beauvaisltee.ca\\\/\"},{\"@type\":\"ListItem\",\"position\":2,\"name\":\"Politique de confidentialit\u00e9\"}]},{\"@type\":\"WebSite\",\"@id\":\"https:\\\/\\\/beauvaisltee.ca\\\/#website\",\"url\":\"https:\\\/\\\/beauvaisltee.ca\\\/\",\"name\":\"Beauvais Fruits et L\u00e9gumes\",\"description\":\"Beauvais Lt\u00e9e - Import et Export\",\"publisher\":{\"@id\":\"https:\\\/\\\/beauvaisltee.ca\\\/#organization\"},\"potentialAction\":[{\"@type\":\"SearchAction\",\"target\":{\"@type\":\"EntryPoint\",\"urlTemplate\":\"https:\\\/\\\/beauvaisltee.ca\\\/?s={search_term_string}\"},\"query-input\":{\"@type\":\"PropertyValueSpecification\",\"valueRequired\":true,\"valueName\":\"search_term_string\"}}],\"inLanguage\":\"en-US\"},{\"@type\":\"Organization\",\"@id\":\"https:\\\/\\\/beauvaisltee.ca\\\/#organization\",\"name\":\"Beauvais Fruits et L\u00e9gumes\",\"url\":\"https:\\\/\\\/beauvaisltee.ca\\\/\",\"logo\":{\"@type\":\"ImageObject\",\"inLanguage\":\"en-US\",\"@id\":\"https:\\\/\\\/beauvaisltee.ca\\\/#\\\/schema\\\/logo\\\/image\\\/\",\"url\":\"https:\\\/\\\/beauvaisltee.ca\\\/wp-content\\\/uploads\\\/beauvais-logo-new.png\",\"contentUrl\":\"https:\\\/\\\/beauvaisltee.ca\\\/wp-content\\\/uploads\\\/beauvais-logo-new.png\",\"width\":500,\"height\":93,\"caption\":\"Beauvais Fruits et L\u00e9gumes\"},\"image\":{\"@id\":\"https:\\\/\\\/beauvaisltee.ca\\\/#\\\/schema\\\/logo\\\/image\\\/\"}}]}<\/script>\n<!-- \/ Yoast SEO plugin. -->","yoast_head_json":{"title":"Politique de confidentialit\u00e9 - Beauvais Fruits et L\u00e9gumes","robots":{"index":"index","follow":"follow","max-snippet":"max-snippet:-1","max-image-preview":"max-image-preview:large","max-video-preview":"max-video-preview:-1"},"canonical":"https:\/\/beauvaisltee.ca\/en\/politique-de-confidentialite\/","og_locale":"en_US","og_type":"article","og_title":"Politique de confidentialit\u00e9 - Beauvais Fruits et L\u00e9gumes","og_description":"Votre vie priv\u00e9e est tr\u00e8s importante pour nous. En cons\u00e9quence, nous avons d\u00e9velopp\u00e9 cette politique afin que vous compreniez comment nous recueillons, utilisons, communiquons et divulguons et utilisons des informations personnelles. Ce qui suit d\u00e9crit notre politique de confidentialit\u00e9. Avant ou au moment de la collecte des informations personnelles, nous identifierons les finalit\u00e9s pour lesquelles [&hellip;]","og_url":"https:\/\/beauvaisltee.ca\/en\/politique-de-confidentialite\/","og_site_name":"Beauvais Fruits et L\u00e9gumes","article_modified_time":"2024-02-18T20:31:41+00:00","twitter_card":"summary_large_image","twitter_misc":{"Est. reading time":"2 minutes"},"schema":{"@context":"https:\/\/schema.org","@graph":[{"@type":"WebPage","@id":"https:\/\/beauvaisltee.ca\/politique-de-confidentialite\/","url":"https:\/\/beauvaisltee.ca\/politique-de-confidentialite\/","name":"Politique de confidentialit\u00e9 - Beauvais Fruits et L\u00e9gumes","isPartOf":{"@id":"https:\/\/beauvaisltee.ca\/#website"},"datePublished":"2024-02-15T20:34:35+00:00","dateModified":"2024-02-18T20:31:41+00:00","breadcrumb":{"@id":"https:\/\/beauvaisltee.ca\/politique-de-confidentialite\/#breadcrumb"},"inLanguage":"en-US","potentialAction":[{"@type":"ReadAction","target":["https:\/\/beauvaisltee.ca\/politique-de-confidentialite\/"]}]},{"@type":"BreadcrumbList","@id":"https:\/\/beauvaisltee.ca\/politique-de-confidentialite\/#breadcrumb","itemListElement":[{"@type":"ListItem","position":1,"name":"Accueil","item":"https:\/\/beauvaisltee.ca\/"},{"@type":"ListItem","position":2,"name":"Politique de confidentialit\u00e9"}]},{"@type":"WebSite","@id":"https:\/\/beauvaisltee.ca\/#website","url":"https:\/\/beauvaisltee.ca\/","name":"Beauvais Fruits et L\u00e9gumes","description":"Beauvais Lt\u00e9e - Import et Export","publisher":{"@id":"https:\/\/beauvaisltee.ca\/#organization"},"potentialAction":[{"@type":"SearchAction","target":{"@type":"EntryPoint","urlTemplate":"https:\/\/beauvaisltee.ca\/?s={search_term_string}"},"query-input":{"@type":"PropertyValueSpecification","valueRequired":true,"valueName":"search_term_string"}}],"inLanguage":"en-US"},{"@type":"Organization","@id":"https:\/\/beauvaisltee.ca\/#organization","name":"Beauvais Fruits et L\u00e9gumes","url":"https:\/\/beauvaisltee.ca\/","logo":{"@type":"ImageObject","inLanguage":"en-US","@id":"https:\/\/beauvaisltee.ca\/#\/schema\/logo\/image\/","url":"https:\/\/beauvaisltee.ca\/wp-content\/uploads\/beauvais-logo-new.png","contentUrl":"https:\/\/beauvaisltee.ca\/wp-content\/uploads\/beauvais-logo-new.png","width":500,"height":93,"caption":"Beauvais Fruits et L\u00e9gumes"},"image":{"@id":"https:\/\/beauvaisltee.ca\/#\/schema\/logo\/image\/"}}]}},"_links":{"self":[{"href":"https:\/\/beauvaisltee.ca\/en\/wp-json\/wp\/v2\/pages\/1603","targetHints":{"allow":["GET"]}}],"collection":[{"href":"https:\/\/beauvaisltee.ca\/en\/wp-json\/wp\/v2\/pages"}],"about":[{"href":"https:\/\/beauvaisltee.ca\/en\/wp-json\/wp\/v2\/types\/page"}],"author":[{"embeddable":true,"href":"https:\/\/beauvaisltee.ca\/en\/wp-json\/wp\/v2\/users\/2"}],"replies":[{"embeddable":true,"href":"https:\/\/beauvaisltee.ca\/en\/wp-json\/wp\/v2\/comments?post=1603"}],"version-history":[{"count":5,"href":"https:\/\/beauvaisltee.ca\/en\/wp-json\/wp\/v2\/pages\/1603\/revisions"}],"predecessor-version":[{"id":2207,"href":"https:\/\/beauvaisltee.ca\/en\/wp-json\/wp\/v2\/pages\/1603\/revisions\/2207"}],"wp:attachment":[{"href":"https:\/\/beauvaisltee.ca\/en\/wp-json\/wp\/v2\/media?parent=1603"}],"curies":[{"name":"wp","href":"https:\/\/api.w.org\/{rel}","templated":true}]}}