{"id":1665,"date":"2024-02-16T12:07:48","date_gmt":"2024-02-16T17:07:48","guid":{"rendered":"https:\/\/beauvaisltee.ca\/fr\/?page_id=1665"},"modified":"2026-02-10T08:29:14","modified_gmt":"2026-02-10T13:29:14","slug":"notre-histoire","status":"publish","type":"page","link":"https:\/\/beauvaisltee.ca\/en\/notre-histoire\/","title":{"rendered":"Our Story"},"content":{"rendered":"<div data-elementor-type=\"wp-page\" data-elementor-id=\"1665\" class=\"elementor elementor-1665\" data-elementor-settings=\"{&quot;ha_cmc_init_switcher&quot;:&quot;no&quot;}\" data-elementor-post-type=\"page\">\n\t\t\t\t<div class=\"elementor-element elementor-element-12bf9b5 e-flex e-con-boxed e-con e-parent\" data-id=\"12bf9b5\" data-element_type=\"container\" data-e-type=\"container\" data-settings=\"{&quot;background_background&quot;:&quot;classic&quot;,&quot;shape_divider_bottom&quot;:&quot;opacity-tilt&quot;,&quot;_ha_eqh_enable&quot;:false}\">\n\t\t\t\t\t<div class=\"e-con-inner\">\n\t\t\t\t<div class=\"elementor-shape elementor-shape-bottom\" aria-hidden=\"true\" data-negative=\"false\">\n\t\t\t<svg xmlns=\"http:\/\/www.w3.org\/2000\/svg\" viewbox=\"0 0 2600 131.1\" preserveaspectratio=\"none\">\n\t<path class=\"elementor-shape-fill\" d=\"M0 0L2600 0 2600 69.1 0 0z\"\/>\n\t<path class=\"elementor-shape-fill\" style=\"opacity:0.5\" d=\"M0 0L2600 0 2600 69.1 0 69.1z\"\/>\n\t<path class=\"elementor-shape-fill\" style=\"opacity:0.25\" d=\"M2600 0L0 0 0 130.1 2600 69.1z\"\/>\n<\/svg>\t\t<\/div>\n\t\t<div class=\"elementor-element elementor-element-c905c5e e-con-full e-flex e-con e-child\" data-id=\"c905c5e\" data-element_type=\"container\" data-e-type=\"container\" data-settings=\"{&quot;_ha_eqh_enable&quot;:false}\">\n\t\t\t\t<div class=\"elementor-element elementor-element-82ce75a elementor-widget elementor-widget-heading\" data-id=\"82ce75a\" data-element_type=\"widget\" data-e-type=\"widget\" data-widget_type=\"heading.default\">\n\t\t\t\t<div class=\"elementor-widget-container\">\n\t\t\t\t\t<h2 class=\"elementor-heading-title elementor-size-default\">Who are we<\/h2>\t\t\t\t<\/div>\n\t\t\t\t<\/div>\n\t\t\t\t<div class=\"elementor-element elementor-element-d97cfe9 elementor-widget-divider--view-line elementor-widget elementor-widget-divider\" data-id=\"d97cfe9\" data-element_type=\"widget\" data-e-type=\"widget\" data-widget_type=\"divider.default\">\n\t\t\t\t<div class=\"elementor-widget-container\">\n\t\t\t\t\t\t\t<div class=\"elementor-divider\">\n\t\t\t<span class=\"elementor-divider-separator\">\n\t\t\t\t\t\t<\/span>\n\t\t<\/div>\n\t\t\t\t\t\t<\/div>\n\t\t\t\t<\/div>\n\t\t\t\t<div class=\"elementor-element elementor-element-f76dd46 elementor-widget elementor-widget-text-editor\" data-id=\"f76dd46\" data-element_type=\"widget\" data-e-type=\"widget\" data-widget_type=\"text-editor.default\">\n\t\t\t\t<div class=\"elementor-widget-container\">\n\t\t\t\t\t\t\t\t\t<p style=\"text-align: justify;\">Since 1936, Beauvais Lt\u00e9e has established itself as a leading importer and wholesaler by building long-lasting business relationships with local and international clients and suppliers. We rely on a team of experienced employees, many of whom have more than 25 years in the industry. Their daily commitment to our suppliers, carriers, and clients makes us a key player in the supply of fresh fruits and vegetables from here and abroad. As proud members of various professional associations, we contribute to the continuous improvement of industry practices and promote the consumption of fresh fruits and vegetables within the community.<\/p>\t\t\t\t\t\t\t\t<\/div>\n\t\t\t\t<\/div>\n\t\t\t\t<\/div>\n\t\t<div class=\"elementor-element elementor-element-9804c27 e-con-full e-flex e-con e-child\" data-id=\"9804c27\" data-element_type=\"container\" data-e-type=\"container\" data-settings=\"{&quot;background_background&quot;:&quot;slideshow&quot;,&quot;background_slideshow_lazyload&quot;:&quot;yes&quot;,&quot;background_slideshow_gallery&quot;:[],&quot;background_slideshow_loop&quot;:&quot;yes&quot;,&quot;background_slideshow_slide_duration&quot;:5000,&quot;background_slideshow_slide_transition&quot;:&quot;fade&quot;,&quot;background_slideshow_transition_duration&quot;:500,&quot;_ha_eqh_enable&quot;:false}\">\n\t\t\t\t<div class=\"elementor-element elementor-element-93736ef elementor-widget elementor-widget-ha-slider happy-addon ha-slider\" data-id=\"93736ef\" data-element_type=\"widget\" data-e-type=\"widget\" data-settings=\"{&quot;animation_speed&quot;:300,&quot;autoplay&quot;:&quot;yes&quot;,&quot;autoplay_speed&quot;:3000,&quot;loop&quot;:&quot;yes&quot;,&quot;slides_transition&quot;:&quot;slide&quot;,&quot;navigation&quot;:&quot;arrow&quot;}\" data-widget_type=\"ha-slider.default\">\n\t\t\t\t<div class=\"elementor-widget-container\">\n\t\t\t\t\t\n\t\t<div class=\"hajs-slick ha-slick ha-slick--slider\">\n\n\t\t\t\n\t\t\t\t<div class=\"ha-slick-slide slick-slide\">\n\t\t\t\t\t<div class=\"ha-slick-item\">\n\t\t\t\t\t\t\t\t\t\t\t\t\t<img decoding=\"async\" class=\"ha-slick-img\" src=\"https:\/\/beauvaisltee.ca\/wp-content\/uploads\/notre-vision-beauvaisltee-4-768x892.webp\" alt=\"\">\n\t\t\t\t\t\t\n\t\t\t\t\t\t\t\t\t\t\t<\/div>\n\t\t\t\t<\/div>\n\n\t\t\t\n\t\t\t\t<div class=\"ha-slick-slide slick-slide\">\n\t\t\t\t\t<div class=\"ha-slick-item\">\n\t\t\t\t\t\t\t\t\t\t\t\t\t<img decoding=\"async\" class=\"ha-slick-img\" src=\"https:\/\/beauvaisltee.ca\/wp-content\/uploads\/notre-vision-beauvaisltee-3-768x892.webp\" alt=\"\">\n\t\t\t\t\t\t\n\t\t\t\t\t\t\t\t\t\t\t<\/div>\n\t\t\t\t<\/div>\n\n\t\t\t\n\t\t\t\t<div class=\"ha-slick-slide slick-slide\">\n\t\t\t\t\t<div class=\"ha-slick-item\">\n\t\t\t\t\t\t\t\t\t\t\t\t\t<img decoding=\"async\" class=\"ha-slick-img\" src=\"https:\/\/beauvaisltee.ca\/wp-content\/uploads\/notre-vision-beauvaisltee-1-768x892.webp\" alt=\"\">\n\t\t\t\t\t\t\n\t\t\t\t\t\t\t\t\t\t\t<\/div>\n\t\t\t\t<\/div>\n\n\t\t\t\n\t\t\t\t<div class=\"ha-slick-slide slick-slide\">\n\t\t\t\t\t<div class=\"ha-slick-item\">\n\t\t\t\t\t\t\t\t\t\t\t\t\t<img decoding=\"async\" class=\"ha-slick-img\" src=\"https:\/\/beauvaisltee.ca\/wp-content\/uploads\/HISTOIRE-768x1152.png\" alt=\"\">\n\t\t\t\t\t\t\n\t\t\t\t\t\t\t\t\t\t\t<\/div>\n\t\t\t\t<\/div>\n\n\t\t\t\n\t\t\t\t<div class=\"ha-slick-slide slick-slide\">\n\t\t\t\t\t<div class=\"ha-slick-item\">\n\t\t\t\t\t\t\t\t\t\t\t\t\t<img decoding=\"async\" class=\"ha-slick-img\" src=\"https:\/\/beauvaisltee.ca\/wp-content\/uploads\/HISTOIRE_Beauvais_Lte-768x1152.webp\" alt=\"\">\n\t\t\t\t\t\t\n\t\t\t\t\t\t\t\t\t\t\t<\/div>\n\t\t\t\t<\/div>\n\n\t\t\t\n\t\t<\/div>\n\n\t\t\t\t\t<button type=\"button\" class=\"slick-prev\"><svg aria-hidden=\"true\" class=\"e-font-icon-svg e-fas-chevron-left\" viewbox=\"0 0 320 512\" xmlns=\"http:\/\/www.w3.org\/2000\/svg\"><path d=\"M34.52 239.03L228.87 44.69c9.37-9.37 24.57-9.37 33.94 0l22.67 22.67c9.36 9.36 9.37 24.52.04 33.9L131.49 256l154.02 154.75c9.34 9.38 9.32 24.54-.04 33.9l-22.67 22.67c-9.37 9.37-24.57 9.37-33.94 0L34.52 272.97c-9.37-9.37-9.37-24.57 0-33.94z\"><\/path><\/svg><\/button>\n\t\t\n\t\t\t\t\t<button type=\"button\" class=\"slick-next\"><svg aria-hidden=\"true\" class=\"e-font-icon-svg e-fas-chevron-right\" viewbox=\"0 0 320 512\" xmlns=\"http:\/\/www.w3.org\/2000\/svg\"><path d=\"M285.476 272.971L91.132 467.314c-9.373 9.373-24.569 9.373-33.941 0l-22.667-22.667c-9.357-9.357-9.375-24.522-.04-33.901L188.505 256 34.484 101.255c-9.335-9.379-9.317-24.544.04-33.901l22.667-22.667c9.373-9.373 24.569-9.373 33.941 0L285.475 239.03c9.373 9.372 9.373 24.568.001 33.941z\"><\/path><\/svg><\/button>\n\t\t\n\t\t\t\t\t\t<\/div>\n\t\t\t\t<\/div>\n\t\t\t\t<\/div>\n\t\t\t\t\t<\/div>\n\t\t\t\t<\/div>\n\t\t<div class=\"elementor-element elementor-element-7df41a0 e-flex e-con-boxed e-con e-parent\" data-id=\"7df41a0\" data-element_type=\"container\" data-e-type=\"container\" data-settings=\"{&quot;background_background&quot;:&quot;classic&quot;,&quot;_ha_eqh_enable&quot;:false}\">\n\t\t\t\t\t<div class=\"e-con-inner\">\n\t\t<div class=\"elementor-element elementor-element-d68a3d0 e-con-full e-flex e-con e-child\" data-id=\"d68a3d0\" data-element_type=\"container\" data-e-type=\"container\" data-settings=\"{&quot;background_background&quot;:&quot;slideshow&quot;,&quot;background_slideshow_lazyload&quot;:&quot;yes&quot;,&quot;background_slideshow_gallery&quot;:[],&quot;background_slideshow_loop&quot;:&quot;yes&quot;,&quot;background_slideshow_slide_duration&quot;:5000,&quot;background_slideshow_slide_transition&quot;:&quot;fade&quot;,&quot;background_slideshow_transition_duration&quot;:500,&quot;_ha_eqh_enable&quot;:false}\">\n\t\t\t\t<div class=\"elementor-element elementor-element-571475a elementor-widget elementor-widget-image\" data-id=\"571475a\" data-element_type=\"widget\" data-e-type=\"widget\" data-widget_type=\"image.default\">\n\t\t\t\t<div class=\"elementor-widget-container\">\n\t\t\t\t\t\t\t\t\t\t\t\t\t\t\t<img fetchpriority=\"high\" decoding=\"async\" width=\"757\" height=\"1024\" src=\"https:\/\/beauvaisltee.ca\/wp-content\/uploads\/vision-757x1024.jpg\" class=\"attachment-large size-large wp-image-3231\" alt=\"\" srcset=\"https:\/\/beauvaisltee.ca\/wp-content\/uploads\/vision-757x1024.jpg 757w, https:\/\/beauvaisltee.ca\/wp-content\/uploads\/vision-222x300.jpg 222w, https:\/\/beauvaisltee.ca\/wp-content\/uploads\/vision-768x1039.jpg 768w, https:\/\/beauvaisltee.ca\/wp-content\/uploads\/vision-1135x1536.jpg 1135w, https:\/\/beauvaisltee.ca\/wp-content\/uploads\/vision-1514x2048.jpg 1514w, https:\/\/beauvaisltee.ca\/wp-content\/uploads\/vision-9x12.jpg 9w, https:\/\/beauvaisltee.ca\/wp-content\/uploads\/vision.jpg 1884w\" sizes=\"(max-width: 757px) 100vw, 757px\" \/>\t\t\t\t\t\t\t\t\t\t\t\t\t\t\t<\/div>\n\t\t\t\t<\/div>\n\t\t\t\t<\/div>\n\t\t<div class=\"elementor-element elementor-element-999cd3d e-con-full e-flex e-con e-child\" data-id=\"999cd3d\" data-element_type=\"container\" data-e-type=\"container\" data-settings=\"{&quot;background_background&quot;:&quot;slideshow&quot;,&quot;background_slideshow_lazyload&quot;:&quot;yes&quot;,&quot;background_slideshow_gallery&quot;:[],&quot;background_slideshow_loop&quot;:&quot;yes&quot;,&quot;background_slideshow_slide_duration&quot;:5000,&quot;background_slideshow_slide_transition&quot;:&quot;fade&quot;,&quot;background_slideshow_transition_duration&quot;:500,&quot;_ha_eqh_enable&quot;:false}\">\n\t\t\t\t<div class=\"elementor-element elementor-element-0eadfd2 elementor-widget elementor-widget-heading\" data-id=\"0eadfd2\" data-element_type=\"widget\" data-e-type=\"widget\" data-widget_type=\"heading.default\">\n\t\t\t\t<div class=\"elementor-widget-container\">\n\t\t\t\t\t<h2 class=\"elementor-heading-title elementor-size-default\">What is our vision?<\/h2>\t\t\t\t<\/div>\n\t\t\t\t<\/div>\n\t\t\t\t<div class=\"elementor-element elementor-element-aa06f0a elementor-widget elementor-widget-text-editor\" data-id=\"aa06f0a\" data-element_type=\"widget\" data-e-type=\"widget\" data-widget_type=\"text-editor.default\">\n\t\t\t\t<div class=\"elementor-widget-container\">\n\t\t\t\t\t\t\t\t\t<p class=\"p1\"><span data-a39abc94-746b-47a3-bfd4-0d6b155bdb7a-7=\"true\">Become a key player in Qu\u00e9bec in the import and export of fruits and vegetables.\u00a0<\/span><\/p><p style=\"text-align: left;\"><span data-a39abc94-746b-47a3-bfd4-0d6b155bdb7a-7=\"true\"><strong>What are our values?<\/strong><\/span><\/p><ul><li style=\"text-align: left;\"><span data-a39abc94-746b-47a3-bfd4-0d6b155bdb7a-7=\"true\">Team spirit<\/span><\/li><li style=\"text-align: left;\"><span data-a39abc94-746b-47a3-bfd4-0d6b155bdb7a-7=\"true\">Respect<\/span><\/li><li style=\"text-align: left;\"><span data-a39abc94-746b-47a3-bfd4-0d6b155bdb7a-7=\"true\">Innovation<\/span><\/li><li style=\"text-align: left;\"><span data-a39abc94-746b-47a3-bfd4-0d6b155bdb7a-7=\"true\">Rigor<\/span><\/li><li style=\"text-align: left;\"><span data-a39abc94-746b-47a3-bfd4-0d6b155bdb7a-7=\"true\">Expertise<\/span><\/li><li style=\"text-align: left;\"><span data-a39abc94-746b-47a3-bfd4-0d6b155bdb7a-7=\"true\">Professionalism<\/span><\/li><\/ul>\t\t\t\t\t\t\t\t<\/div>\n\t\t\t\t<\/div>\n\t\t\t\t<\/div>\n\t\t\t\t\t<\/div>\n\t\t\t\t<\/div>\n\t\t<div class=\"elementor-element elementor-element-51271c8 e-con-full e-flex e-con e-parent\" data-id=\"51271c8\" data-element_type=\"container\" data-e-type=\"container\" data-settings=\"{&quot;background_background&quot;:&quot;classic&quot;,&quot;shape_divider_top&quot;:&quot;opacity-tilt&quot;,&quot;_ha_eqh_enable&quot;:false}\">\n\t\t\t\t<div class=\"elementor-shape elementor-shape-top\" aria-hidden=\"true\" data-negative=\"false\">\n\t\t\t<svg xmlns=\"http:\/\/www.w3.org\/2000\/svg\" viewbox=\"0 0 2600 131.1\" preserveaspectratio=\"none\">\n\t<path class=\"elementor-shape-fill\" d=\"M0 0L2600 0 2600 69.1 0 0z\"\/>\n\t<path class=\"elementor-shape-fill\" style=\"opacity:0.5\" d=\"M0 0L2600 0 2600 69.1 0 69.1z\"\/>\n\t<path class=\"elementor-shape-fill\" style=\"opacity:0.25\" d=\"M2600 0L0 0 0 130.1 2600 69.1z\"\/>\n<\/svg>\t\t<\/div>\n\t\t\t\t<div class=\"elementor-element elementor-element-2af69cc elementor-widget elementor-widget-heading\" data-id=\"2af69cc\" data-element_type=\"widget\" data-e-type=\"widget\" data-widget_type=\"heading.default\">\n\t\t\t\t<div class=\"elementor-widget-container\">\n\t\t\t\t\t<h2 class=\"elementor-heading-title elementor-size-default\">How do we get involved in the community ?<\/h2>\t\t\t\t<\/div>\n\t\t\t\t<\/div>\n\t\t\t\t<div class=\"elementor-element elementor-element-373c1e5 elementor-widget-divider--view-line elementor-widget elementor-widget-divider\" data-id=\"373c1e5\" data-element_type=\"widget\" data-e-type=\"widget\" data-widget_type=\"divider.default\">\n\t\t\t\t<div class=\"elementor-widget-container\">\n\t\t\t\t\t\t\t<div class=\"elementor-divider\">\n\t\t\t<span class=\"elementor-divider-separator\">\n\t\t\t\t\t\t<\/span>\n\t\t<\/div>\n\t\t\t\t\t\t<\/div>\n\t\t\t\t<\/div>\n\t\t\t\t<div class=\"elementor-element elementor-element-0b14e05 elementor-widget elementor-widget-text-editor\" data-id=\"0b14e05\" data-element_type=\"widget\" data-e-type=\"widget\" data-widget_type=\"text-editor.default\">\n\t\t\t\t<div class=\"elementor-widget-container\">\n\t\t\t\t\t\t\t\t\t<p>Comme entreprise travaillant dans la distribution de fruits et de l\u00e9gumes, nous savons que l\u2019environnement, c\u2019est important. C\u2019est la raison pour laquelle nous faisons du compost et du recyclage.<\/p><p>Nous contribuons \u00e9galement financi\u00e8rement \u00e0 diverses causes locales qui am\u00e9liorent la soci\u00e9t\u00e9 dans lequel nous sommes implant\u00e9s depuis plus de 90 ans.<\/p>\t\t\t\t\t\t\t\t<\/div>\n\t\t\t\t<\/div>\n\t\t\t\t<\/div>\n\t\t\t\t<\/div>","protected":false},"excerpt":{"rendered":"<p>Qui sommes-nous ? Depuis 1936, Beauvais Lt\u00e9e s\u2019est impos\u00e9e comme importateur et grossiste de r\u00e9f\u00e9rence, en tissant des relations d\u2019affaires durables avec des clients et des fournisseurs locaux et internationaux. Nous pouvons compter sur des employ\u00e9s d\u2019exp\u00e9rience, dont plusieurs cumulent plus de 25 ans de m\u00e9tier. Leur d\u00e9vouement quotidien aupr\u00e8s de nos fournisseurs, transporteurs et [&hellip;]<\/p>\n","protected":false},"author":2,"featured_media":0,"parent":0,"menu_order":0,"comment_status":"closed","ping_status":"closed","template":"","meta":{"footnotes":""},"class_list":["post-1665","page","type-page","status-publish","hentry"],"yoast_head":"<!-- This site is optimized with the Yoast SEO plugin v27.4 - https:\/\/yoast.com\/product\/yoast-seo-wordpress\/ -->\n<title>Notre histoire - Beauvais Fruits et L\u00e9gumes<\/title>\n<meta name=\"robots\" content=\"index, follow, max-snippet:-1, max-image-preview:large, max-video-preview:-1\" \/>\n<link rel=\"canonical\" href=\"https:\/\/beauvaisltee.ca\/en\/notre-histoire\/\" \/>\n<meta property=\"og:locale\" content=\"en_US\" \/>\n<meta property=\"og:type\" content=\"article\" \/>\n<meta property=\"og:title\" content=\"Notre histoire - Beauvais Fruits et L\u00e9gumes\" \/>\n<meta property=\"og:description\" content=\"Qui sommes-nous ? Depuis 1936, Beauvais Lt\u00e9e s\u2019est impos\u00e9e comme importateur et grossiste de r\u00e9f\u00e9rence, en tissant des relations d\u2019affaires durables avec des clients et des fournisseurs locaux et internationaux. Nous pouvons compter sur des employ\u00e9s d\u2019exp\u00e9rience, dont plusieurs cumulent plus de 25 ans de m\u00e9tier. Leur d\u00e9vouement quotidien aupr\u00e8s de nos fournisseurs, transporteurs et [&hellip;]\" \/>\n<meta property=\"og:url\" content=\"https:\/\/beauvaisltee.ca\/en\/notre-histoire\/\" \/>\n<meta property=\"og:site_name\" content=\"Beauvais Fruits et L\u00e9gumes\" \/>\n<meta property=\"article:modified_time\" content=\"2026-02-10T13:29:14+00:00\" \/>\n<meta property=\"og:image\" content=\"https:\/\/beauvaisltee.ca\/wp-content\/uploads\/notre-vision-beauvaisltee-4-768x892.webp\" \/>\n<meta name=\"twitter:card\" content=\"summary_large_image\" \/>\n<meta name=\"twitter:label1\" content=\"Est. reading time\" \/>\n\t<meta name=\"twitter:data1\" content=\"4 minutes\" \/>\n<script type=\"application\/ld+json\" class=\"yoast-schema-graph\">{\"@context\":\"https:\\\/\\\/schema.org\",\"@graph\":[{\"@type\":\"WebPage\",\"@id\":\"https:\\\/\\\/beauvaisltee.ca\\\/notre-histoire\\\/\",\"url\":\"https:\\\/\\\/beauvaisltee.ca\\\/notre-histoire\\\/\",\"name\":\"Notre histoire - Beauvais Fruits et L\u00e9gumes\",\"isPartOf\":{\"@id\":\"https:\\\/\\\/beauvaisltee.ca\\\/#website\"},\"primaryImageOfPage\":{\"@id\":\"https:\\\/\\\/beauvaisltee.ca\\\/notre-histoire\\\/#primaryimage\"},\"image\":{\"@id\":\"https:\\\/\\\/beauvaisltee.ca\\\/notre-histoire\\\/#primaryimage\"},\"thumbnailUrl\":\"https:\\\/\\\/beauvaisltee.ca\\\/wp-content\\\/uploads\\\/notre-vision-beauvaisltee-4-768x892.webp\",\"datePublished\":\"2024-02-16T17:07:48+00:00\",\"dateModified\":\"2026-02-10T13:29:14+00:00\",\"breadcrumb\":{\"@id\":\"https:\\\/\\\/beauvaisltee.ca\\\/notre-histoire\\\/#breadcrumb\"},\"inLanguage\":\"en-US\",\"potentialAction\":[{\"@type\":\"ReadAction\",\"target\":[\"https:\\\/\\\/beauvaisltee.ca\\\/notre-histoire\\\/\"]}]},{\"@type\":\"ImageObject\",\"inLanguage\":\"en-US\",\"@id\":\"https:\\\/\\\/beauvaisltee.ca\\\/notre-histoire\\\/#primaryimage\",\"url\":\"https:\\\/\\\/beauvaisltee.ca\\\/wp-content\\\/uploads\\\/notre-vision-beauvaisltee-4-768x892.webp\",\"contentUrl\":\"https:\\\/\\\/beauvaisltee.ca\\\/wp-content\\\/uploads\\\/notre-vision-beauvaisltee-4-768x892.webp\"},{\"@type\":\"BreadcrumbList\",\"@id\":\"https:\\\/\\\/beauvaisltee.ca\\\/notre-histoire\\\/#breadcrumb\",\"itemListElement\":[{\"@type\":\"ListItem\",\"position\":1,\"name\":\"Accueil\",\"item\":\"https:\\\/\\\/beauvaisltee.ca\\\/\"},{\"@type\":\"ListItem\",\"position\":2,\"name\":\"Notre histoire\"}]},{\"@type\":\"WebSite\",\"@id\":\"https:\\\/\\\/beauvaisltee.ca\\\/#website\",\"url\":\"https:\\\/\\\/beauvaisltee.ca\\\/\",\"name\":\"Beauvais Fruits et L\u00e9gumes\",\"description\":\"Beauvais Lt\u00e9e - Import et Export\",\"publisher\":{\"@id\":\"https:\\\/\\\/beauvaisltee.ca\\\/#organization\"},\"potentialAction\":[{\"@type\":\"SearchAction\",\"target\":{\"@type\":\"EntryPoint\",\"urlTemplate\":\"https:\\\/\\\/beauvaisltee.ca\\\/?s={search_term_string}\"},\"query-input\":{\"@type\":\"PropertyValueSpecification\",\"valueRequired\":true,\"valueName\":\"search_term_string\"}}],\"inLanguage\":\"en-US\"},{\"@type\":\"Organization\",\"@id\":\"https:\\\/\\\/beauvaisltee.ca\\\/#organization\",\"name\":\"Beauvais Fruits et L\u00e9gumes\",\"url\":\"https:\\\/\\\/beauvaisltee.ca\\\/\",\"logo\":{\"@type\":\"ImageObject\",\"inLanguage\":\"en-US\",\"@id\":\"https:\\\/\\\/beauvaisltee.ca\\\/#\\\/schema\\\/logo\\\/image\\\/\",\"url\":\"https:\\\/\\\/beauvaisltee.ca\\\/wp-content\\\/uploads\\\/beauvais-logo-new.png\",\"contentUrl\":\"https:\\\/\\\/beauvaisltee.ca\\\/wp-content\\\/uploads\\\/beauvais-logo-new.png\",\"width\":500,\"height\":93,\"caption\":\"Beauvais Fruits et L\u00e9gumes\"},\"image\":{\"@id\":\"https:\\\/\\\/beauvaisltee.ca\\\/#\\\/schema\\\/logo\\\/image\\\/\"}}]}<\/script>\n<!-- \/ Yoast SEO plugin. -->","yoast_head_json":{"title":"Notre histoire - Beauvais Fruits et L\u00e9gumes","robots":{"index":"index","follow":"follow","max-snippet":"max-snippet:-1","max-image-preview":"max-image-preview:large","max-video-preview":"max-video-preview:-1"},"canonical":"https:\/\/beauvaisltee.ca\/en\/notre-histoire\/","og_locale":"en_US","og_type":"article","og_title":"Notre histoire - Beauvais Fruits et L\u00e9gumes","og_description":"Qui sommes-nous ? Depuis 1936, Beauvais Lt\u00e9e s\u2019est impos\u00e9e comme importateur et grossiste de r\u00e9f\u00e9rence, en tissant des relations d\u2019affaires durables avec des clients et des fournisseurs locaux et internationaux. Nous pouvons compter sur des employ\u00e9s d\u2019exp\u00e9rience, dont plusieurs cumulent plus de 25 ans de m\u00e9tier. Leur d\u00e9vouement quotidien aupr\u00e8s de nos fournisseurs, transporteurs et [&hellip;]","og_url":"https:\/\/beauvaisltee.ca\/en\/notre-histoire\/","og_site_name":"Beauvais Fruits et L\u00e9gumes","article_modified_time":"2026-02-10T13:29:14+00:00","og_image":[{"url":"https:\/\/beauvaisltee.ca\/wp-content\/uploads\/notre-vision-beauvaisltee-4-768x892.webp","type":"","width":"","height":""}],"twitter_card":"summary_large_image","twitter_misc":{"Est. reading time":"4 minutes"},"schema":{"@context":"https:\/\/schema.org","@graph":[{"@type":"WebPage","@id":"https:\/\/beauvaisltee.ca\/notre-histoire\/","url":"https:\/\/beauvaisltee.ca\/notre-histoire\/","name":"Notre histoire - Beauvais Fruits et L\u00e9gumes","isPartOf":{"@id":"https:\/\/beauvaisltee.ca\/#website"},"primaryImageOfPage":{"@id":"https:\/\/beauvaisltee.ca\/notre-histoire\/#primaryimage"},"image":{"@id":"https:\/\/beauvaisltee.ca\/notre-histoire\/#primaryimage"},"thumbnailUrl":"https:\/\/beauvaisltee.ca\/wp-content\/uploads\/notre-vision-beauvaisltee-4-768x892.webp","datePublished":"2024-02-16T17:07:48+00:00","dateModified":"2026-02-10T13:29:14+00:00","breadcrumb":{"@id":"https:\/\/beauvaisltee.ca\/notre-histoire\/#breadcrumb"},"inLanguage":"en-US","potentialAction":[{"@type":"ReadAction","target":["https:\/\/beauvaisltee.ca\/notre-histoire\/"]}]},{"@type":"ImageObject","inLanguage":"en-US","@id":"https:\/\/beauvaisltee.ca\/notre-histoire\/#primaryimage","url":"https:\/\/beauvaisltee.ca\/wp-content\/uploads\/notre-vision-beauvaisltee-4-768x892.webp","contentUrl":"https:\/\/beauvaisltee.ca\/wp-content\/uploads\/notre-vision-beauvaisltee-4-768x892.webp"},{"@type":"BreadcrumbList","@id":"https:\/\/beauvaisltee.ca\/notre-histoire\/#breadcrumb","itemListElement":[{"@type":"ListItem","position":1,"name":"Accueil","item":"https:\/\/beauvaisltee.ca\/"},{"@type":"ListItem","position":2,"name":"Notre histoire"}]},{"@type":"WebSite","@id":"https:\/\/beauvaisltee.ca\/#website","url":"https:\/\/beauvaisltee.ca\/","name":"Beauvais Fruits et L\u00e9gumes","description":"Beauvais Lt\u00e9e - Import et Export","publisher":{"@id":"https:\/\/beauvaisltee.ca\/#organization"},"potentialAction":[{"@type":"SearchAction","target":{"@type":"EntryPoint","urlTemplate":"https:\/\/beauvaisltee.ca\/?s={search_term_string}"},"query-input":{"@type":"PropertyValueSpecification","valueRequired":true,"valueName":"search_term_string"}}],"inLanguage":"en-US"},{"@type":"Organization","@id":"https:\/\/beauvaisltee.ca\/#organization","name":"Beauvais Fruits et L\u00e9gumes","url":"https:\/\/beauvaisltee.ca\/","logo":{"@type":"ImageObject","inLanguage":"en-US","@id":"https:\/\/beauvaisltee.ca\/#\/schema\/logo\/image\/","url":"https:\/\/beauvaisltee.ca\/wp-content\/uploads\/beauvais-logo-new.png","contentUrl":"https:\/\/beauvaisltee.ca\/wp-content\/uploads\/beauvais-logo-new.png","width":500,"height":93,"caption":"Beauvais Fruits et L\u00e9gumes"},"image":{"@id":"https:\/\/beauvaisltee.ca\/#\/schema\/logo\/image\/"}}]}},"_links":{"self":[{"href":"https:\/\/beauvaisltee.ca\/en\/wp-json\/wp\/v2\/pages\/1665","targetHints":{"allow":["GET"]}}],"collection":[{"href":"https:\/\/beauvaisltee.ca\/en\/wp-json\/wp\/v2\/pages"}],"about":[{"href":"https:\/\/beauvaisltee.ca\/en\/wp-json\/wp\/v2\/types\/page"}],"author":[{"embeddable":true,"href":"https:\/\/beauvaisltee.ca\/en\/wp-json\/wp\/v2\/users\/2"}],"replies":[{"embeddable":true,"href":"https:\/\/beauvaisltee.ca\/en\/wp-json\/wp\/v2\/comments?post=1665"}],"version-history":[{"count":5,"href":"https:\/\/beauvaisltee.ca\/en\/wp-json\/wp\/v2\/pages\/1665\/revisions"}],"predecessor-version":[{"id":3252,"href":"https:\/\/beauvaisltee.ca\/en\/wp-json\/wp\/v2\/pages\/1665\/revisions\/3252"}],"wp:attachment":[{"href":"https:\/\/beauvaisltee.ca\/en\/wp-json\/wp\/v2\/media?parent=1665"}],"curies":[{"name":"wp","href":"https:\/\/api.w.org\/{rel}","templated":true}]}}