{"id":1710,"date":"2024-02-16T15:30:16","date_gmt":"2024-02-16T20:30:16","guid":{"rendered":"https:\/\/beauvaisltee.ca\/fr\/?page_id=1710"},"modified":"2026-01-16T08:17:43","modified_gmt":"2026-01-16T13:17:43","slug":"produits","status":"publish","type":"page","link":"https:\/\/beauvaisltee.ca\/en\/produits\/","title":{"rendered":"Products"},"content":{"rendered":"<div data-elementor-type=\"wp-page\" data-elementor-id=\"1710\" class=\"elementor elementor-1710\" data-elementor-settings=\"{&quot;ha_cmc_init_switcher&quot;:&quot;no&quot;}\" data-elementor-post-type=\"page\">\n\t\t\t\t<div class=\"elementor-element elementor-element-c57b873 e-flex e-con-boxed e-con e-parent\" data-id=\"c57b873\" data-element_type=\"container\" data-e-type=\"container\" data-settings=\"{&quot;background_background&quot;:&quot;classic&quot;,&quot;_ha_eqh_enable&quot;:false}\">\n\t\t\t\t\t<div class=\"e-con-inner\">\n\t\t<div class=\"elementor-element elementor-element-2714e9d e-flex e-con-boxed e-con e-child\" data-id=\"2714e9d\" data-element_type=\"container\" data-e-type=\"container\" data-settings=\"{&quot;_ha_eqh_enable&quot;:false}\">\n\t\t\t\t\t<div class=\"e-con-inner\">\n\t\t\t\t<div class=\"elementor-element elementor-element-913671a elementor-widget elementor-widget-heading\" data-id=\"913671a\" data-element_type=\"widget\" data-e-type=\"widget\" data-widget_type=\"heading.default\">\n\t\t\t\t<div class=\"elementor-widget-container\">\n\t\t\t\t\t<h1 class=\"elementor-heading-title elementor-size-default\">Products<\/h1>\t\t\t\t<\/div>\n\t\t\t\t<\/div>\n\t\t\t\t<div class=\"elementor-element elementor-element-6c13020 elementor-widget elementor-widget-text-editor\" data-id=\"6c13020\" data-element_type=\"widget\" data-e-type=\"widget\" data-widget_type=\"text-editor.default\">\n\t\t\t\t<div class=\"elementor-widget-container\">\n\t\t\t\t\t\t\t\t\t<p><b data-ccff3cc1-3a14-44e8-ad6e-cd52baacffbd-50=\"true\">At Beauvais Lt\u00e9e, our products come from all continents.<\/b><\/p>\t\t\t\t\t\t\t\t<\/div>\n\t\t\t\t<\/div>\n\t\t\t\t\t<\/div>\n\t\t\t\t<\/div>\n\t\t\t\t\t<\/div>\n\t\t\t\t<\/div>\n\t\t<div class=\"elementor-element elementor-element-30e6787 e-con-full e-flex e-con e-parent\" data-id=\"30e6787\" data-element_type=\"container\" data-e-type=\"container\" data-settings=\"{&quot;_ha_eqh_enable&quot;:false}\">\n\t\t<div class=\"elementor-element elementor-element-e9460e8 e-con-full e-flex e-con e-child\" data-id=\"e9460e8\" data-element_type=\"container\" data-e-type=\"container\" data-settings=\"{&quot;background_background&quot;:&quot;classic&quot;,&quot;_ha_eqh_enable&quot;:false}\">\n\t\t\t\t<div class=\"elementor-element elementor-element-665c282 elementor-widget elementor-widget-heading\" data-id=\"665c282\" data-element_type=\"widget\" data-e-type=\"widget\" data-widget_type=\"heading.default\">\n\t\t\t\t<div class=\"elementor-widget-container\">\n\t\t\t\t\t<h2 class=\"elementor-heading-title elementor-size-default\">Local markets<\/h2>\t\t\t\t<\/div>\n\t\t\t\t<\/div>\n\t\t\t\t<div class=\"elementor-element elementor-element-deada65 elementor-widget-divider--view-line elementor-widget elementor-widget-divider\" data-id=\"deada65\" data-element_type=\"widget\" data-e-type=\"widget\" data-widget_type=\"divider.default\">\n\t\t\t\t<div class=\"elementor-widget-container\">\n\t\t\t\t\t\t\t<div class=\"elementor-divider\">\n\t\t\t<span class=\"elementor-divider-separator\">\n\t\t\t\t\t\t<\/span>\n\t\t<\/div>\n\t\t\t\t\t\t<\/div>\n\t\t\t\t<\/div>\n\t\t\t\t<div class=\"elementor-element elementor-element-eac777c elementor-widget elementor-widget-text-editor\" data-id=\"eac777c\" data-element_type=\"widget\" data-e-type=\"widget\" data-widget_type=\"text-editor.default\">\n\t\t\t\t<div class=\"elementor-widget-container\">\n\t\t\t\t\t\t\t\t\t<p class=\"p1\">We select our products in Qu\u00e9bec and internationally to ensure year-round freshness.<\/p>\t\t\t\t\t\t\t\t<\/div>\n\t\t\t\t<\/div>\n\t\t\t\t<\/div>\n\t\t<div class=\"elementor-element elementor-element-726a73b e-con-full e-flex e-con e-child\" data-id=\"726a73b\" data-element_type=\"container\" data-e-type=\"container\" data-settings=\"{&quot;background_background&quot;:&quot;classic&quot;,&quot;_ha_eqh_enable&quot;:false}\">\n\t\t\t\t<div class=\"elementor-element elementor-element-7007a1e elementor-widget elementor-widget-spacer\" data-id=\"7007a1e\" data-element_type=\"widget\" data-e-type=\"widget\" data-widget_type=\"spacer.default\">\n\t\t\t\t<div class=\"elementor-widget-container\">\n\t\t\t\t\t\t\t<div class=\"elementor-spacer\">\n\t\t\t<div class=\"elementor-spacer-inner\"><\/div>\n\t\t<\/div>\n\t\t\t\t\t\t<\/div>\n\t\t\t\t<\/div>\n\t\t\t\t<\/div>\n\t\t\t\t<\/div>\n\t\t<div class=\"elementor-element elementor-element-18b0284 e-con-full e-flex e-con e-parent\" data-id=\"18b0284\" data-element_type=\"container\" data-e-type=\"container\" data-settings=\"{&quot;_ha_eqh_enable&quot;:false}\">\n\t\t<div class=\"elementor-element elementor-element-9175e28 e-con-full e-flex e-con e-child\" data-id=\"9175e28\" data-element_type=\"container\" data-e-type=\"container\" data-settings=\"{&quot;background_background&quot;:&quot;classic&quot;,&quot;_ha_eqh_enable&quot;:false}\">\n\t\t\t\t<div class=\"elementor-element elementor-element-99bf7d4 elementor-widget elementor-widget-spacer\" data-id=\"99bf7d4\" data-element_type=\"widget\" data-e-type=\"widget\" data-widget_type=\"spacer.default\">\n\t\t\t\t<div class=\"elementor-widget-container\">\n\t\t\t\t\t\t\t<div class=\"elementor-spacer\">\n\t\t\t<div class=\"elementor-spacer-inner\"><\/div>\n\t\t<\/div>\n\t\t\t\t\t\t<\/div>\n\t\t\t\t<\/div>\n\t\t\t\t<\/div>\n\t\t<div class=\"elementor-element elementor-element-31d3add e-con-full e-flex e-con e-child\" data-id=\"31d3add\" data-element_type=\"container\" data-e-type=\"container\" data-settings=\"{&quot;background_background&quot;:&quot;classic&quot;,&quot;_ha_eqh_enable&quot;:false}\">\n\t\t\t\t<div class=\"elementor-element elementor-element-bc6dd0f elementor-widget elementor-widget-heading\" data-id=\"bc6dd0f\" data-element_type=\"widget\" data-e-type=\"widget\" data-widget_type=\"heading.default\">\n\t\t\t\t<div class=\"elementor-widget-container\">\n\t\t\t\t\t<h2 class=\"elementor-heading-title elementor-size-default\">Fresh fruits<\/h2>\t\t\t\t<\/div>\n\t\t\t\t<\/div>\n\t\t\t\t<div class=\"elementor-element elementor-element-bfe3113 elementor-widget-divider--view-line elementor-widget elementor-widget-divider\" data-id=\"bfe3113\" data-element_type=\"widget\" data-e-type=\"widget\" data-widget_type=\"divider.default\">\n\t\t\t\t<div class=\"elementor-widget-container\">\n\t\t\t\t\t\t\t<div class=\"elementor-divider\">\n\t\t\t<span class=\"elementor-divider-separator\">\n\t\t\t\t\t\t<\/span>\n\t\t<\/div>\n\t\t\t\t\t\t<\/div>\n\t\t\t\t<\/div>\n\t\t\t\t<div class=\"elementor-element elementor-element-d0b6c9e elementor-widget elementor-widget-text-editor\" data-id=\"d0b6c9e\" data-element_type=\"widget\" data-e-type=\"widget\" data-widget_type=\"text-editor.default\">\n\t\t\t\t<div class=\"elementor-widget-container\">\n\t\t\t\t\t\t\t\t\t<p class=\"p1\">Pineapples, citrus fruits, bananas, melons, apples, pears\u2026 and much more. A wide, fresh, and consistent selection tailored to your needs.<\/p>\t\t\t\t\t\t\t\t<\/div>\n\t\t\t\t<\/div>\n\t\t\t\t<\/div>\n\t\t\t\t<\/div>\n\t\t<div class=\"elementor-element elementor-element-ac48783 e-con-full e-flex e-con e-parent\" data-id=\"ac48783\" data-element_type=\"container\" data-e-type=\"container\" data-settings=\"{&quot;_ha_eqh_enable&quot;:false}\">\n\t\t<div class=\"elementor-element elementor-element-2a603da e-con-full e-flex e-con e-child\" data-id=\"2a603da\" data-element_type=\"container\" data-e-type=\"container\" data-settings=\"{&quot;background_background&quot;:&quot;classic&quot;,&quot;_ha_eqh_enable&quot;:false}\">\n\t\t\t\t<div class=\"elementor-element elementor-element-d2ba458 elementor-widget elementor-widget-heading\" data-id=\"d2ba458\" data-element_type=\"widget\" data-e-type=\"widget\" data-widget_type=\"heading.default\">\n\t\t\t\t<div class=\"elementor-widget-container\">\n\t\t\t\t\t<h2 class=\"elementor-heading-title elementor-size-default\">Fresh vegetables<\/h2>\t\t\t\t<\/div>\n\t\t\t\t<\/div>\n\t\t\t\t<div class=\"elementor-element elementor-element-78d281a elementor-widget-divider--view-line elementor-widget elementor-widget-divider\" data-id=\"78d281a\" data-element_type=\"widget\" data-e-type=\"widget\" data-widget_type=\"divider.default\">\n\t\t\t\t<div class=\"elementor-widget-container\">\n\t\t\t\t\t\t\t<div class=\"elementor-divider\">\n\t\t\t<span class=\"elementor-divider-separator\">\n\t\t\t\t\t\t<\/span>\n\t\t<\/div>\n\t\t\t\t\t\t<\/div>\n\t\t\t\t<\/div>\n\t\t\t\t<div class=\"elementor-element elementor-element-b1abdc3 elementor-widget elementor-widget-text-editor\" data-id=\"b1abdc3\" data-element_type=\"widget\" data-e-type=\"widget\" data-widget_type=\"text-editor.default\">\n\t\t\t\t<div class=\"elementor-widget-container\">\n\t\t\t\t\t\t\t\t\t<p>Peppers, tomatoes, cucumbers, lettuce, carrots, onions, potatoes, and much more \u2014 all the generosity of Mother Nature, made available to our customers.<\/p>\t\t\t\t\t\t\t\t<\/div>\n\t\t\t\t<\/div>\n\t\t\t\t<\/div>\n\t\t<div class=\"elementor-element elementor-element-48d6c9a e-con-full e-flex e-con e-child\" data-id=\"48d6c9a\" data-element_type=\"container\" data-e-type=\"container\" data-settings=\"{&quot;background_background&quot;:&quot;classic&quot;,&quot;_ha_eqh_enable&quot;:false}\">\n\t\t\t\t<div class=\"elementor-element elementor-element-b1a3d78 elementor-widget elementor-widget-spacer\" data-id=\"b1a3d78\" data-element_type=\"widget\" data-e-type=\"widget\" data-widget_type=\"spacer.default\">\n\t\t\t\t<div class=\"elementor-widget-container\">\n\t\t\t\t\t\t\t<div class=\"elementor-spacer\">\n\t\t\t<div class=\"elementor-spacer-inner\"><\/div>\n\t\t<\/div>\n\t\t\t\t\t\t<\/div>\n\t\t\t\t<\/div>\n\t\t\t\t<\/div>\n\t\t\t\t<\/div>\n\t\t\t\t<\/div>","protected":false},"excerpt":{"rendered":"<p>Produits Chez Beauvais Lt\u00e9e, nos produits proviennent de tous les continents. March\u00e9s locaux Nous s\u00e9lectionnons nos produits au Qu\u00e9bec et \u00e0 l\u2019international pour garantir une fra\u00eecheur toute l\u2019ann\u00e9e. Fruits frais Ananas, agrumes, bananes, melons, pommes, poires\u2026 et bien plus. Une s\u00e9lection large, fra\u00eeche et constante, adapt\u00e9e \u00e0 vos besoins. L\u00e9gumes frais Poivrons, tomates, concombres, laitues, [&hellip;]<\/p>\n","protected":false},"author":2,"featured_media":0,"parent":0,"menu_order":0,"comment_status":"closed","ping_status":"closed","template":"","meta":{"footnotes":""},"class_list":["post-1710","page","type-page","status-publish","hentry"],"yoast_head":"<!-- This site is optimized with the Yoast SEO plugin v27.4 - https:\/\/yoast.com\/product\/yoast-seo-wordpress\/ -->\n<title>Produits - Beauvais Fruits et L\u00e9gumes<\/title>\n<meta name=\"robots\" content=\"index, follow, max-snippet:-1, max-image-preview:large, max-video-preview:-1\" \/>\n<link rel=\"canonical\" href=\"https:\/\/beauvaisltee.ca\/en\/produits\/\" \/>\n<meta property=\"og:locale\" content=\"en_US\" \/>\n<meta property=\"og:type\" content=\"article\" \/>\n<meta property=\"og:title\" content=\"Produits - Beauvais Fruits et L\u00e9gumes\" \/>\n<meta property=\"og:description\" content=\"Produits Chez Beauvais Lt\u00e9e, nos produits proviennent de tous les continents. March\u00e9s locaux Nous s\u00e9lectionnons nos produits au Qu\u00e9bec et \u00e0 l\u2019international pour garantir une fra\u00eecheur toute l\u2019ann\u00e9e. Fruits frais Ananas, agrumes, bananes, melons, pommes, poires\u2026 et bien plus. Une s\u00e9lection large, fra\u00eeche et constante, adapt\u00e9e \u00e0 vos besoins. L\u00e9gumes frais Poivrons, tomates, concombres, laitues, [&hellip;]\" \/>\n<meta property=\"og:url\" content=\"https:\/\/beauvaisltee.ca\/en\/produits\/\" \/>\n<meta property=\"og:site_name\" content=\"Beauvais Fruits et L\u00e9gumes\" \/>\n<meta property=\"article:modified_time\" content=\"2026-01-16T13:17:43+00:00\" \/>\n<meta name=\"twitter:card\" content=\"summary_large_image\" \/>\n<meta name=\"twitter:label1\" content=\"Est. reading time\" \/>\n\t<meta name=\"twitter:data1\" content=\"1 minute\" \/>\n<script type=\"application\/ld+json\" class=\"yoast-schema-graph\">{\"@context\":\"https:\\\/\\\/schema.org\",\"@graph\":[{\"@type\":\"WebPage\",\"@id\":\"https:\\\/\\\/beauvaisltee.ca\\\/produits\\\/\",\"url\":\"https:\\\/\\\/beauvaisltee.ca\\\/produits\\\/\",\"name\":\"Produits - Beauvais Fruits et L\u00e9gumes\",\"isPartOf\":{\"@id\":\"https:\\\/\\\/beauvaisltee.ca\\\/#website\"},\"datePublished\":\"2024-02-16T20:30:16+00:00\",\"dateModified\":\"2026-01-16T13:17:43+00:00\",\"breadcrumb\":{\"@id\":\"https:\\\/\\\/beauvaisltee.ca\\\/produits\\\/#breadcrumb\"},\"inLanguage\":\"en-US\",\"potentialAction\":[{\"@type\":\"ReadAction\",\"target\":[\"https:\\\/\\\/beauvaisltee.ca\\\/produits\\\/\"]}]},{\"@type\":\"BreadcrumbList\",\"@id\":\"https:\\\/\\\/beauvaisltee.ca\\\/produits\\\/#breadcrumb\",\"itemListElement\":[{\"@type\":\"ListItem\",\"position\":1,\"name\":\"Accueil\",\"item\":\"https:\\\/\\\/beauvaisltee.ca\\\/\"},{\"@type\":\"ListItem\",\"position\":2,\"name\":\"Produits\"}]},{\"@type\":\"WebSite\",\"@id\":\"https:\\\/\\\/beauvaisltee.ca\\\/#website\",\"url\":\"https:\\\/\\\/beauvaisltee.ca\\\/\",\"name\":\"Beauvais Fruits et L\u00e9gumes\",\"description\":\"Beauvais Lt\u00e9e - Import et Export\",\"publisher\":{\"@id\":\"https:\\\/\\\/beauvaisltee.ca\\\/#organization\"},\"potentialAction\":[{\"@type\":\"SearchAction\",\"target\":{\"@type\":\"EntryPoint\",\"urlTemplate\":\"https:\\\/\\\/beauvaisltee.ca\\\/?s={search_term_string}\"},\"query-input\":{\"@type\":\"PropertyValueSpecification\",\"valueRequired\":true,\"valueName\":\"search_term_string\"}}],\"inLanguage\":\"en-US\"},{\"@type\":\"Organization\",\"@id\":\"https:\\\/\\\/beauvaisltee.ca\\\/#organization\",\"name\":\"Beauvais Fruits et L\u00e9gumes\",\"url\":\"https:\\\/\\\/beauvaisltee.ca\\\/\",\"logo\":{\"@type\":\"ImageObject\",\"inLanguage\":\"en-US\",\"@id\":\"https:\\\/\\\/beauvaisltee.ca\\\/#\\\/schema\\\/logo\\\/image\\\/\",\"url\":\"https:\\\/\\\/beauvaisltee.ca\\\/wp-content\\\/uploads\\\/beauvais-logo-new.png\",\"contentUrl\":\"https:\\\/\\\/beauvaisltee.ca\\\/wp-content\\\/uploads\\\/beauvais-logo-new.png\",\"width\":500,\"height\":93,\"caption\":\"Beauvais Fruits et L\u00e9gumes\"},\"image\":{\"@id\":\"https:\\\/\\\/beauvaisltee.ca\\\/#\\\/schema\\\/logo\\\/image\\\/\"}}]}<\/script>\n<!-- \/ Yoast SEO plugin. -->","yoast_head_json":{"title":"Produits - Beauvais Fruits et L\u00e9gumes","robots":{"index":"index","follow":"follow","max-snippet":"max-snippet:-1","max-image-preview":"max-image-preview:large","max-video-preview":"max-video-preview:-1"},"canonical":"https:\/\/beauvaisltee.ca\/en\/produits\/","og_locale":"en_US","og_type":"article","og_title":"Produits - Beauvais Fruits et L\u00e9gumes","og_description":"Produits Chez Beauvais Lt\u00e9e, nos produits proviennent de tous les continents. March\u00e9s locaux Nous s\u00e9lectionnons nos produits au Qu\u00e9bec et \u00e0 l\u2019international pour garantir une fra\u00eecheur toute l\u2019ann\u00e9e. Fruits frais Ananas, agrumes, bananes, melons, pommes, poires\u2026 et bien plus. Une s\u00e9lection large, fra\u00eeche et constante, adapt\u00e9e \u00e0 vos besoins. L\u00e9gumes frais Poivrons, tomates, concombres, laitues, [&hellip;]","og_url":"https:\/\/beauvaisltee.ca\/en\/produits\/","og_site_name":"Beauvais Fruits et L\u00e9gumes","article_modified_time":"2026-01-16T13:17:43+00:00","twitter_card":"summary_large_image","twitter_misc":{"Est. reading time":"1 minute"},"schema":{"@context":"https:\/\/schema.org","@graph":[{"@type":"WebPage","@id":"https:\/\/beauvaisltee.ca\/produits\/","url":"https:\/\/beauvaisltee.ca\/produits\/","name":"Produits - Beauvais Fruits et L\u00e9gumes","isPartOf":{"@id":"https:\/\/beauvaisltee.ca\/#website"},"datePublished":"2024-02-16T20:30:16+00:00","dateModified":"2026-01-16T13:17:43+00:00","breadcrumb":{"@id":"https:\/\/beauvaisltee.ca\/produits\/#breadcrumb"},"inLanguage":"en-US","potentialAction":[{"@type":"ReadAction","target":["https:\/\/beauvaisltee.ca\/produits\/"]}]},{"@type":"BreadcrumbList","@id":"https:\/\/beauvaisltee.ca\/produits\/#breadcrumb","itemListElement":[{"@type":"ListItem","position":1,"name":"Accueil","item":"https:\/\/beauvaisltee.ca\/"},{"@type":"ListItem","position":2,"name":"Produits"}]},{"@type":"WebSite","@id":"https:\/\/beauvaisltee.ca\/#website","url":"https:\/\/beauvaisltee.ca\/","name":"Beauvais Fruits et L\u00e9gumes","description":"Beauvais Lt\u00e9e - Import et Export","publisher":{"@id":"https:\/\/beauvaisltee.ca\/#organization"},"potentialAction":[{"@type":"SearchAction","target":{"@type":"EntryPoint","urlTemplate":"https:\/\/beauvaisltee.ca\/?s={search_term_string}"},"query-input":{"@type":"PropertyValueSpecification","valueRequired":true,"valueName":"search_term_string"}}],"inLanguage":"en-US"},{"@type":"Organization","@id":"https:\/\/beauvaisltee.ca\/#organization","name":"Beauvais Fruits et L\u00e9gumes","url":"https:\/\/beauvaisltee.ca\/","logo":{"@type":"ImageObject","inLanguage":"en-US","@id":"https:\/\/beauvaisltee.ca\/#\/schema\/logo\/image\/","url":"https:\/\/beauvaisltee.ca\/wp-content\/uploads\/beauvais-logo-new.png","contentUrl":"https:\/\/beauvaisltee.ca\/wp-content\/uploads\/beauvais-logo-new.png","width":500,"height":93,"caption":"Beauvais Fruits et L\u00e9gumes"},"image":{"@id":"https:\/\/beauvaisltee.ca\/#\/schema\/logo\/image\/"}}]}},"_links":{"self":[{"href":"https:\/\/beauvaisltee.ca\/en\/wp-json\/wp\/v2\/pages\/1710","targetHints":{"allow":["GET"]}}],"collection":[{"href":"https:\/\/beauvaisltee.ca\/en\/wp-json\/wp\/v2\/pages"}],"about":[{"href":"https:\/\/beauvaisltee.ca\/en\/wp-json\/wp\/v2\/types\/page"}],"author":[{"embeddable":true,"href":"https:\/\/beauvaisltee.ca\/en\/wp-json\/wp\/v2\/users\/2"}],"replies":[{"embeddable":true,"href":"https:\/\/beauvaisltee.ca\/en\/wp-json\/wp\/v2\/comments?post=1710"}],"version-history":[{"count":5,"href":"https:\/\/beauvaisltee.ca\/en\/wp-json\/wp\/v2\/pages\/1710\/revisions"}],"predecessor-version":[{"id":2904,"href":"https:\/\/beauvaisltee.ca\/en\/wp-json\/wp\/v2\/pages\/1710\/revisions\/2904"}],"wp:attachment":[{"href":"https:\/\/beauvaisltee.ca\/en\/wp-json\/wp\/v2\/media?parent=1710"}],"curies":[{"name":"wp","href":"https:\/\/api.w.org\/{rel}","templated":true}]}}