{"id":1724,"date":"2024-02-16T15:50:19","date_gmt":"2024-02-16T20:50:19","guid":{"rendered":"https:\/\/beauvaisltee.ca\/fr\/?page_id=1724"},"modified":"2026-02-06T09:42:16","modified_gmt":"2026-02-06T14:42:16","slug":"services","status":"publish","type":"page","link":"https:\/\/beauvaisltee.ca\/en\/services\/","title":{"rendered":"Services"},"content":{"rendered":"<div data-elementor-type=\"wp-page\" data-elementor-id=\"1724\" class=\"elementor elementor-1724\" data-elementor-settings=\"{&quot;ha_cmc_init_switcher&quot;:&quot;no&quot;}\" data-elementor-post-type=\"page\">\n\t\t\t\t<div class=\"elementor-element elementor-element-81ebd4f e-flex e-con-boxed e-con e-parent\" data-id=\"81ebd4f\" data-element_type=\"container\" data-e-type=\"container\" data-settings=\"{&quot;background_background&quot;:&quot;classic&quot;,&quot;_ha_eqh_enable&quot;:false}\">\n\t\t\t\t\t<div class=\"e-con-inner\">\n\t\t<div class=\"elementor-element elementor-element-24ba993 e-flex e-con-boxed e-con e-child\" data-id=\"24ba993\" data-element_type=\"container\" data-e-type=\"container\" data-settings=\"{&quot;_ha_eqh_enable&quot;:false}\">\n\t\t\t\t\t<div class=\"e-con-inner\">\n\t\t\t\t<div class=\"elementor-element elementor-element-af4e016 elementor-widget elementor-widget-heading\" data-id=\"af4e016\" data-element_type=\"widget\" data-e-type=\"widget\" data-widget_type=\"heading.default\">\n\t\t\t\t<div class=\"elementor-widget-container\">\n\t\t\t\t\t<h1 class=\"elementor-heading-title elementor-size-default\">Services<\/h1>\t\t\t\t<\/div>\n\t\t\t\t<\/div>\n\t\t\t\t\t<\/div>\n\t\t\t\t<\/div>\n\t\t\t\t\t<\/div>\n\t\t\t\t<\/div>\n\t\t<div class=\"elementor-element elementor-element-0efd8e8 e-con-full e-flex e-con e-parent\" data-id=\"0efd8e8\" data-element_type=\"container\" data-e-type=\"container\" id=\"import\" data-settings=\"{&quot;_ha_eqh_enable&quot;:false}\">\n\t\t<div class=\"elementor-element elementor-element-c38a000 e-con-full e-flex e-con e-child\" data-id=\"c38a000\" data-element_type=\"container\" data-e-type=\"container\" data-settings=\"{&quot;background_background&quot;:&quot;classic&quot;,&quot;_ha_eqh_enable&quot;:false}\">\n\t\t\t\t<div class=\"elementor-element elementor-element-ec09351 elementor-widget elementor-widget-spacer\" data-id=\"ec09351\" data-element_type=\"widget\" data-e-type=\"widget\" data-widget_type=\"spacer.default\">\n\t\t\t\t<div class=\"elementor-widget-container\">\n\t\t\t\t\t\t\t<div class=\"elementor-spacer\">\n\t\t\t<div class=\"elementor-spacer-inner\"><\/div>\n\t\t<\/div>\n\t\t\t\t\t\t<\/div>\n\t\t\t\t<\/div>\n\t\t\t\t<\/div>\n\t\t<div class=\"elementor-element elementor-element-2e6d851 e-con-full e-flex e-con e-child\" data-id=\"2e6d851\" data-element_type=\"container\" data-e-type=\"container\" data-settings=\"{&quot;background_background&quot;:&quot;classic&quot;,&quot;_ha_eqh_enable&quot;:false}\">\n\t\t\t\t<div class=\"elementor-element elementor-element-cf7383c elementor-widget elementor-widget-heading\" data-id=\"cf7383c\" data-element_type=\"widget\" data-e-type=\"widget\" data-widget_type=\"heading.default\">\n\t\t\t\t<div class=\"elementor-widget-container\">\n\t\t\t\t\t<h2 class=\"elementor-heading-title elementor-size-default\">Importer\/Wholesaler<\/h2>\t\t\t\t<\/div>\n\t\t\t\t<\/div>\n\t\t\t\t<div class=\"elementor-element elementor-element-2f82da5 elementor-widget-divider--view-line elementor-widget elementor-widget-divider\" data-id=\"2f82da5\" data-element_type=\"widget\" data-e-type=\"widget\" data-widget_type=\"divider.default\">\n\t\t\t\t<div class=\"elementor-widget-container\">\n\t\t\t\t\t\t\t<div class=\"elementor-divider\">\n\t\t\t<span class=\"elementor-divider-separator\">\n\t\t\t\t\t\t<\/span>\n\t\t<\/div>\n\t\t\t\t\t\t<\/div>\n\t\t\t\t<\/div>\n\t\t\t\t<div class=\"elementor-element elementor-element-46e1f33 elementor-widget elementor-widget-text-editor\" data-id=\"46e1f33\" data-element_type=\"widget\" data-e-type=\"widget\" data-widget_type=\"text-editor.default\">\n\t\t\t\t<div class=\"elementor-widget-container\">\n\t\t\t\t\t\t\t\t\t<p>We have two priorities:<\/p><ul><li style=\"text-align: left;\">To offer our customers the best available quality and freshness, at the best possible price, all year round.<\/li><li style=\"text-align: left;\">To provide our suppliers with the services and distribution network they expect from a trusted importer.<\/li><\/ul><p style=\"text-align: justify;\">We have been importing and operating as a wholesaler for over 90 years. Over the years, we have built and strengthened strong relationships with suppliers from around the world.<\/p>\t\t\t\t\t\t\t\t<\/div>\n\t\t\t\t<\/div>\n\t\t\t\t<\/div>\n\t\t\t\t<\/div>\n\t\t<div class=\"elementor-element elementor-element-0c681ba e-con-full e-flex e-con e-parent\" data-id=\"0c681ba\" data-element_type=\"container\" data-e-type=\"container\" id=\"export\" data-settings=\"{&quot;_ha_eqh_enable&quot;:false}\">\n\t\t<div class=\"elementor-element elementor-element-4d8f073 e-con-full e-flex e-con e-child\" data-id=\"4d8f073\" data-element_type=\"container\" data-e-type=\"container\" data-settings=\"{&quot;background_background&quot;:&quot;classic&quot;,&quot;_ha_eqh_enable&quot;:false}\">\n\t\t\t\t<div class=\"elementor-element elementor-element-0e5b284 elementor-widget elementor-widget-heading\" data-id=\"0e5b284\" data-element_type=\"widget\" data-e-type=\"widget\" data-widget_type=\"heading.default\">\n\t\t\t\t<div class=\"elementor-widget-container\">\n\t\t\t\t\t<h2 class=\"elementor-heading-title elementor-size-default\">Export<\/h2>\t\t\t\t<\/div>\n\t\t\t\t<\/div>\n\t\t\t\t<div class=\"elementor-element elementor-element-498d776 elementor-widget-divider--view-line elementor-widget elementor-widget-divider\" data-id=\"498d776\" data-element_type=\"widget\" data-e-type=\"widget\" data-widget_type=\"divider.default\">\n\t\t\t\t<div class=\"elementor-widget-container\">\n\t\t\t\t\t\t\t<div class=\"elementor-divider\">\n\t\t\t<span class=\"elementor-divider-separator\">\n\t\t\t\t\t\t<\/span>\n\t\t<\/div>\n\t\t\t\t\t\t<\/div>\n\t\t\t\t<\/div>\n\t\t\t\t<div class=\"elementor-element elementor-element-67ae000 elementor-widget elementor-widget-text-editor\" data-id=\"67ae000\" data-element_type=\"widget\" data-e-type=\"widget\" data-widget_type=\"text-editor.default\">\n\t\t\t\t<div class=\"elementor-widget-container\">\n\t\t\t\t\t\t\t\t\t<p>By focusing on the development of strong relationships with local market gardeners, Beauvais Fruits &amp; Vegetables is proud to distribute locally and export quality products from Qu\u00e9bec year-round.<\/p>\t\t\t\t\t\t\t\t<\/div>\n\t\t\t\t<\/div>\n\t\t\t\t<\/div>\n\t\t<div class=\"elementor-element elementor-element-a43e53d e-con-full e-flex e-con e-child\" data-id=\"a43e53d\" data-element_type=\"container\" data-e-type=\"container\" data-settings=\"{&quot;background_background&quot;:&quot;classic&quot;,&quot;_ha_eqh_enable&quot;:false}\">\n\t\t\t\t<div class=\"elementor-element elementor-element-409c29d elementor-widget elementor-widget-spacer\" data-id=\"409c29d\" data-element_type=\"widget\" data-e-type=\"widget\" data-widget_type=\"spacer.default\">\n\t\t\t\t<div class=\"elementor-widget-container\">\n\t\t\t\t\t\t\t<div class=\"elementor-spacer\">\n\t\t\t<div class=\"elementor-spacer-inner\"><\/div>\n\t\t<\/div>\n\t\t\t\t\t\t<\/div>\n\t\t\t\t<\/div>\n\t\t\t\t<\/div>\n\t\t\t\t<\/div>\n\t\t<div class=\"elementor-element elementor-element-c6f2783 e-con-full e-flex e-con e-parent\" data-id=\"c6f2783\" data-element_type=\"container\" data-e-type=\"container\" id=\"livraison\" data-settings=\"{&quot;_ha_eqh_enable&quot;:false}\">\n\t\t<div class=\"elementor-element elementor-element-606fcc1 e-con-full e-flex e-con e-child\" data-id=\"606fcc1\" data-element_type=\"container\" data-e-type=\"container\" data-settings=\"{&quot;background_background&quot;:&quot;classic&quot;,&quot;_ha_eqh_enable&quot;:false}\">\n\t\t\t\t<div class=\"elementor-element elementor-element-37e856c elementor-widget elementor-widget-spacer\" data-id=\"37e856c\" data-element_type=\"widget\" data-e-type=\"widget\" data-widget_type=\"spacer.default\">\n\t\t\t\t<div class=\"elementor-widget-container\">\n\t\t\t\t\t\t\t<div class=\"elementor-spacer\">\n\t\t\t<div class=\"elementor-spacer-inner\"><\/div>\n\t\t<\/div>\n\t\t\t\t\t\t<\/div>\n\t\t\t\t<\/div>\n\t\t\t\t<\/div>\n\t\t<div class=\"elementor-element elementor-element-dba12cb e-con-full e-flex e-con e-child\" data-id=\"dba12cb\" data-element_type=\"container\" data-e-type=\"container\" data-settings=\"{&quot;background_background&quot;:&quot;classic&quot;,&quot;_ha_eqh_enable&quot;:false}\">\n\t\t\t\t<div class=\"elementor-element elementor-element-091c251 elementor-widget elementor-widget-heading\" data-id=\"091c251\" data-element_type=\"widget\" data-e-type=\"widget\" data-widget_type=\"heading.default\">\n\t\t\t\t<div class=\"elementor-widget-container\">\n\t\t\t\t\t<h2 class=\"elementor-heading-title elementor-size-default\">Delivery Service<\/h2>\t\t\t\t<\/div>\n\t\t\t\t<\/div>\n\t\t\t\t<div class=\"elementor-element elementor-element-8f64880 elementor-widget-divider--view-line elementor-widget elementor-widget-divider\" data-id=\"8f64880\" data-element_type=\"widget\" data-e-type=\"widget\" data-widget_type=\"divider.default\">\n\t\t\t\t<div class=\"elementor-widget-container\">\n\t\t\t\t\t\t\t<div class=\"elementor-divider\">\n\t\t\t<span class=\"elementor-divider-separator\">\n\t\t\t\t\t\t<\/span>\n\t\t<\/div>\n\t\t\t\t\t\t<\/div>\n\t\t\t\t<\/div>\n\t\t\t\t<div class=\"elementor-element elementor-element-0ebf0cb elementor-widget elementor-widget-text-editor\" data-id=\"0ebf0cb\" data-element_type=\"widget\" data-e-type=\"widget\" data-widget_type=\"text-editor.default\">\n\t\t\t\t<div class=\"elementor-widget-container\">\n\t\t\t\t\t\t\t\t\t<p>For decades, we have refined our delivery service to provide our customers with efficient, fast, and reliable supply, day after day.<\/p>\t\t\t\t\t\t\t\t<\/div>\n\t\t\t\t<\/div>\n\t\t\t\t<\/div>\n\t\t\t\t<\/div>\n\t\t<div class=\"elementor-element elementor-element-d809a08 e-flex e-con-boxed e-con e-parent\" data-id=\"d809a08\" data-element_type=\"container\" data-e-type=\"container\" data-settings=\"{&quot;background_background&quot;:&quot;classic&quot;,&quot;_ha_eqh_enable&quot;:false}\">\n\t\t\t\t\t<div class=\"e-con-inner\">\n\t\t<div class=\"elementor-element elementor-element-5b09cff e-flex e-con-boxed e-con e-child\" data-id=\"5b09cff\" data-element_type=\"container\" data-e-type=\"container\" data-settings=\"{&quot;background_background&quot;:&quot;classic&quot;,&quot;_ha_eqh_enable&quot;:false}\">\n\t\t\t\t\t<div class=\"e-con-inner\">\n\t\t\t\t<div class=\"elementor-element elementor-element-1ee2897 elementor-widget elementor-widget-text-editor\" data-id=\"1ee2897\" data-element_type=\"widget\" data-e-type=\"widget\" data-widget_type=\"text-editor.default\">\n\t\t\t\t<div class=\"elementor-widget-container\">\n\t\t\t\t\t\t\t\t\tWhether you are a wholesaler, a food service distributor, a retailer, a processor or an importer, you can count on our reliable delivery service, both locally and through the continent (United States \/ Canada).\t\t\t\t\t\t\t\t<\/div>\n\t\t\t\t<\/div>\n\t\t\t\t<div class=\"elementor-element elementor-element-8851efb elementor-align-center elementor-widget elementor-widget-button\" data-id=\"8851efb\" data-element_type=\"widget\" data-e-type=\"widget\" data-widget_type=\"button.default\">\n\t\t\t\t<div class=\"elementor-widget-container\">\n\t\t\t\t\t\t\t\t\t<div class=\"elementor-button-wrapper\">\n\t\t\t\t\t<a class=\"elementor-button elementor-button-link elementor-size-sm\" href=\"https:\/\/beauvaisltee.ca\/en\/contactez-nous\/\">\n\t\t\t\t\t\t<span class=\"elementor-button-content-wrapper\">\n\t\t\t\t\t\t\t\t\t<span class=\"elementor-button-text\">Contact Us<\/span>\n\t\t\t\t\t<\/span>\n\t\t\t\t\t<\/a>\n\t\t\t\t<\/div>\n\t\t\t\t\t\t\t\t<\/div>\n\t\t\t\t<\/div>\n\t\t\t\t\t<\/div>\n\t\t\t\t<\/div>\n\t\t\t\t\t<\/div>\n\t\t\t\t<\/div>\n\t\t\t\t<\/div>","protected":false},"excerpt":{"rendered":"<p>Services Importateur\/Grossiste Nous avons deux priorit\u00e9s : Offrir \u00e0 notre client\u00e8le la meilleure qualit\u00e9 et fra\u00eecheur disponible, au meilleur prix possible, toute l\u2019ann\u00e9e. Offrir \u00e0 nos fournisseurs les services et le r\u00e9seau de distribution auxquels ils peuvent s\u2019attendre de la part d\u2019un importateur de confiance. Nous faisons de l\u2019importation et nous sommes grossistes, depuis plus [&hellip;]<\/p>\n","protected":false},"author":2,"featured_media":0,"parent":0,"menu_order":0,"comment_status":"closed","ping_status":"closed","template":"","meta":{"footnotes":""},"class_list":["post-1724","page","type-page","status-publish","hentry"],"yoast_head":"<!-- This site is optimized with the Yoast SEO plugin v27.4 - https:\/\/yoast.com\/product\/yoast-seo-wordpress\/ -->\n<title>Services - Beauvais Fruits et L\u00e9gumes<\/title>\n<meta name=\"robots\" content=\"index, follow, max-snippet:-1, max-image-preview:large, max-video-preview:-1\" \/>\n<link rel=\"canonical\" href=\"https:\/\/beauvaisltee.ca\/en\/services\/\" \/>\n<meta property=\"og:locale\" content=\"en_US\" \/>\n<meta property=\"og:type\" content=\"article\" \/>\n<meta property=\"og:title\" content=\"Services - Beauvais Fruits et L\u00e9gumes\" \/>\n<meta property=\"og:description\" content=\"Services Importateur\/Grossiste Nous avons deux priorit\u00e9s : Offrir \u00e0 notre client\u00e8le la meilleure qualit\u00e9 et fra\u00eecheur disponible, au meilleur prix possible, toute l\u2019ann\u00e9e. Offrir \u00e0 nos fournisseurs les services et le r\u00e9seau de distribution auxquels ils peuvent s\u2019attendre de la part d\u2019un importateur de confiance. Nous faisons de l\u2019importation et nous sommes grossistes, depuis plus [&hellip;]\" \/>\n<meta property=\"og:url\" content=\"https:\/\/beauvaisltee.ca\/en\/services\/\" \/>\n<meta property=\"og:site_name\" content=\"Beauvais Fruits et L\u00e9gumes\" \/>\n<meta property=\"article:modified_time\" content=\"2026-02-06T14:42:16+00:00\" \/>\n<meta name=\"twitter:card\" content=\"summary_large_image\" \/>\n<meta name=\"twitter:label1\" content=\"Est. reading time\" \/>\n\t<meta name=\"twitter:data1\" content=\"1 minute\" \/>\n<script type=\"application\/ld+json\" class=\"yoast-schema-graph\">{\"@context\":\"https:\\\/\\\/schema.org\",\"@graph\":[{\"@type\":\"WebPage\",\"@id\":\"https:\\\/\\\/beauvaisltee.ca\\\/services\\\/\",\"url\":\"https:\\\/\\\/beauvaisltee.ca\\\/services\\\/\",\"name\":\"Services - Beauvais Fruits et L\u00e9gumes\",\"isPartOf\":{\"@id\":\"https:\\\/\\\/beauvaisltee.ca\\\/#website\"},\"datePublished\":\"2024-02-16T20:50:19+00:00\",\"dateModified\":\"2026-02-06T14:42:16+00:00\",\"breadcrumb\":{\"@id\":\"https:\\\/\\\/beauvaisltee.ca\\\/services\\\/#breadcrumb\"},\"inLanguage\":\"en-US\",\"potentialAction\":[{\"@type\":\"ReadAction\",\"target\":[\"https:\\\/\\\/beauvaisltee.ca\\\/services\\\/\"]}]},{\"@type\":\"BreadcrumbList\",\"@id\":\"https:\\\/\\\/beauvaisltee.ca\\\/services\\\/#breadcrumb\",\"itemListElement\":[{\"@type\":\"ListItem\",\"position\":1,\"name\":\"Accueil\",\"item\":\"https:\\\/\\\/beauvaisltee.ca\\\/\"},{\"@type\":\"ListItem\",\"position\":2,\"name\":\"Services\"}]},{\"@type\":\"WebSite\",\"@id\":\"https:\\\/\\\/beauvaisltee.ca\\\/#website\",\"url\":\"https:\\\/\\\/beauvaisltee.ca\\\/\",\"name\":\"Beauvais Fruits et L\u00e9gumes\",\"description\":\"Beauvais Lt\u00e9e - Import et Export\",\"publisher\":{\"@id\":\"https:\\\/\\\/beauvaisltee.ca\\\/#organization\"},\"potentialAction\":[{\"@type\":\"SearchAction\",\"target\":{\"@type\":\"EntryPoint\",\"urlTemplate\":\"https:\\\/\\\/beauvaisltee.ca\\\/?s={search_term_string}\"},\"query-input\":{\"@type\":\"PropertyValueSpecification\",\"valueRequired\":true,\"valueName\":\"search_term_string\"}}],\"inLanguage\":\"en-US\"},{\"@type\":\"Organization\",\"@id\":\"https:\\\/\\\/beauvaisltee.ca\\\/#organization\",\"name\":\"Beauvais Fruits et L\u00e9gumes\",\"url\":\"https:\\\/\\\/beauvaisltee.ca\\\/\",\"logo\":{\"@type\":\"ImageObject\",\"inLanguage\":\"en-US\",\"@id\":\"https:\\\/\\\/beauvaisltee.ca\\\/#\\\/schema\\\/logo\\\/image\\\/\",\"url\":\"https:\\\/\\\/beauvaisltee.ca\\\/wp-content\\\/uploads\\\/beauvais-logo-new.png\",\"contentUrl\":\"https:\\\/\\\/beauvaisltee.ca\\\/wp-content\\\/uploads\\\/beauvais-logo-new.png\",\"width\":500,\"height\":93,\"caption\":\"Beauvais Fruits et L\u00e9gumes\"},\"image\":{\"@id\":\"https:\\\/\\\/beauvaisltee.ca\\\/#\\\/schema\\\/logo\\\/image\\\/\"}}]}<\/script>\n<!-- \/ Yoast SEO plugin. -->","yoast_head_json":{"title":"Services - Beauvais Fruits et L\u00e9gumes","robots":{"index":"index","follow":"follow","max-snippet":"max-snippet:-1","max-image-preview":"max-image-preview:large","max-video-preview":"max-video-preview:-1"},"canonical":"https:\/\/beauvaisltee.ca\/en\/services\/","og_locale":"en_US","og_type":"article","og_title":"Services - Beauvais Fruits et L\u00e9gumes","og_description":"Services Importateur\/Grossiste Nous avons deux priorit\u00e9s : Offrir \u00e0 notre client\u00e8le la meilleure qualit\u00e9 et fra\u00eecheur disponible, au meilleur prix possible, toute l\u2019ann\u00e9e. Offrir \u00e0 nos fournisseurs les services et le r\u00e9seau de distribution auxquels ils peuvent s\u2019attendre de la part d\u2019un importateur de confiance. Nous faisons de l\u2019importation et nous sommes grossistes, depuis plus [&hellip;]","og_url":"https:\/\/beauvaisltee.ca\/en\/services\/","og_site_name":"Beauvais Fruits et L\u00e9gumes","article_modified_time":"2026-02-06T14:42:16+00:00","twitter_card":"summary_large_image","twitter_misc":{"Est. reading time":"1 minute"},"schema":{"@context":"https:\/\/schema.org","@graph":[{"@type":"WebPage","@id":"https:\/\/beauvaisltee.ca\/services\/","url":"https:\/\/beauvaisltee.ca\/services\/","name":"Services - Beauvais Fruits et L\u00e9gumes","isPartOf":{"@id":"https:\/\/beauvaisltee.ca\/#website"},"datePublished":"2024-02-16T20:50:19+00:00","dateModified":"2026-02-06T14:42:16+00:00","breadcrumb":{"@id":"https:\/\/beauvaisltee.ca\/services\/#breadcrumb"},"inLanguage":"en-US","potentialAction":[{"@type":"ReadAction","target":["https:\/\/beauvaisltee.ca\/services\/"]}]},{"@type":"BreadcrumbList","@id":"https:\/\/beauvaisltee.ca\/services\/#breadcrumb","itemListElement":[{"@type":"ListItem","position":1,"name":"Accueil","item":"https:\/\/beauvaisltee.ca\/"},{"@type":"ListItem","position":2,"name":"Services"}]},{"@type":"WebSite","@id":"https:\/\/beauvaisltee.ca\/#website","url":"https:\/\/beauvaisltee.ca\/","name":"Beauvais Fruits et L\u00e9gumes","description":"Beauvais Lt\u00e9e - Import et Export","publisher":{"@id":"https:\/\/beauvaisltee.ca\/#organization"},"potentialAction":[{"@type":"SearchAction","target":{"@type":"EntryPoint","urlTemplate":"https:\/\/beauvaisltee.ca\/?s={search_term_string}"},"query-input":{"@type":"PropertyValueSpecification","valueRequired":true,"valueName":"search_term_string"}}],"inLanguage":"en-US"},{"@type":"Organization","@id":"https:\/\/beauvaisltee.ca\/#organization","name":"Beauvais Fruits et L\u00e9gumes","url":"https:\/\/beauvaisltee.ca\/","logo":{"@type":"ImageObject","inLanguage":"en-US","@id":"https:\/\/beauvaisltee.ca\/#\/schema\/logo\/image\/","url":"https:\/\/beauvaisltee.ca\/wp-content\/uploads\/beauvais-logo-new.png","contentUrl":"https:\/\/beauvaisltee.ca\/wp-content\/uploads\/beauvais-logo-new.png","width":500,"height":93,"caption":"Beauvais Fruits et L\u00e9gumes"},"image":{"@id":"https:\/\/beauvaisltee.ca\/#\/schema\/logo\/image\/"}}]}},"_links":{"self":[{"href":"https:\/\/beauvaisltee.ca\/en\/wp-json\/wp\/v2\/pages\/1724","targetHints":{"allow":["GET"]}}],"collection":[{"href":"https:\/\/beauvaisltee.ca\/en\/wp-json\/wp\/v2\/pages"}],"about":[{"href":"https:\/\/beauvaisltee.ca\/en\/wp-json\/wp\/v2\/types\/page"}],"author":[{"embeddable":true,"href":"https:\/\/beauvaisltee.ca\/en\/wp-json\/wp\/v2\/users\/2"}],"replies":[{"embeddable":true,"href":"https:\/\/beauvaisltee.ca\/en\/wp-json\/wp\/v2\/comments?post=1724"}],"version-history":[{"count":5,"href":"https:\/\/beauvaisltee.ca\/en\/wp-json\/wp\/v2\/pages\/1724\/revisions"}],"predecessor-version":[{"id":3240,"href":"https:\/\/beauvaisltee.ca\/en\/wp-json\/wp\/v2\/pages\/1724\/revisions\/3240"}],"wp:attachment":[{"href":"https:\/\/beauvaisltee.ca\/en\/wp-json\/wp\/v2\/media?parent=1724"}],"curies":[{"name":"wp","href":"https:\/\/api.w.org\/{rel}","templated":true}]}}